{"id":8125,"date":"2017-05-15T13:17:52","date_gmt":"2017-05-15T10:17:52","guid":{"rendered":"https:\/\/lawconcept.eu\/?page_id=8125\/"},"modified":"2017-09-18T16:23:23","modified_gmt":"2017-09-18T13:23:23","slug":"hizmetler","status":"publish","type":"page","link":"https:\/\/lawconcept.eu\/tr\/hizmetler\/","title":{"rendered":"HIZMETLER"},"content":{"rendered":"<div class=\"wpb-content-wrapper\"><p>[vc_row type=&#8221;grid&#8221; video_bg=&#8221;&#8221; is_fss_bg=&#8221;no&#8221; css=&#8221;.vc_custom_1474302676345{padding-top: 50px !important;padding-bottom: 40px !important;}&#8221;][vc_column width=&#8221;2\/3&#8243; dp_animation=&#8221;&#8221; offset=&#8221;vc_col-lg-offset-2 vc_col-md-offset-2 vc_col-sm-offset-2&#8243;][vc_column_text dp_animation=&#8221;&#8221; css=&#8221;.vc_custom_1475670720793{margin-bottom: 40px !important;}&#8221;]<\/p>\n<p><span style=\"color: #0090d3;\"><strong>Law Concept <\/strong><\/span>b\u00fcrom\u00fcz dava ve dava d\u0131\u015f\u0131 uyu\u015fmazl\u0131klar \u00e7\u00f6z\u00fclmeye \u00e7al\u0131\u015fmaktad\u0131r.<\/p>\n<p><span style=\"color: #0090d3;\"><strong> Yabanc\u0131 hukuk <\/strong><\/span>sistemlerlnde g\u00fcn ge\u00e7tik\u00e7e yay\u0131lan bu y\u00f6ntemlere altermatif uyu\u015fmazl\u0131k \u00e7\u00f6z\u00fcm yollar\u0131 denilmektedir. <strong><span style=\"color: #0090d3;\">.<\/span><\/strong> Bu suretle m\u00fcvekkillerimizin, yaln\u0131z hukuk alan\u0131nda de\u011fil fakat ayn\u0131 zaman y\u00f6netimsel anlamda da bilgi, birikim ve tecr\u00fcbelerimizden istifade etmeleri hedeflenmi\u015ftir.<strong><span style=\"color: #0090d3;\">.<\/span><\/strong><\/p>\n<p>[\/vc_column_text][vc_column_text dp_animation=&#8221;&#8221;]<\/p>\n<p style=\"text-align: center;\"><strong><span style=\"color: #0090d3;\">Hizmetlerimizi g\u00f6rmek i\u00e7in Tiklay\u0131n\u0131z <\/span><\/strong><\/p>\n<p>[\/vc_column_text][\/vc_column][\/vc_row][vc_row type=&#8221;grid&#8221; video_bg=&#8221;&#8221; is_fss_bg=&#8221;no&#8221; css=&#8221;.vc_custom_1474302686405{padding-bottom: 50px !important;}&#8221;][vc_column dp_animation=&#8221;&#8221;][vc_tabs interval=&#8221;0&#8243; diamond_style=&#8221;true&#8221; diamond_navigation_position=&#8221;top&#8221;][vc_tab tab_id=&#8221;5623fafa-8fb4-1&#8243; icon=&#8221;Default-compress&#8221; title=&#8221; &#8220;][vc_column_text dp_animation=&#8221;&#8221;]<\/p>\n<h2>ARACILIK \/ DANI\u015eMANLIK HIZMETLERI<\/h2>\n<p>Arac\u0131l\u0131k h\u0131zl\u03b9, ekonom\u0131k, g\u00fcvenilir bir hukuksal b\u0131r praktik olarak alternatif uyu\u015fmazl\u0131k \u00e7\u00f6z\u00fcmlere yol a\u00e7ar. Bu \u015fekilde m\u00fcvekkillerimiz daha faydal\u0131 ve \u00f6nemli i\u015fbirlikleri sa\u011flayabilir.<\/p>\n<p>Dan\u0131\u015fmanl\u0131k Hizmetleri yetenek olarak, insanlar aras\u0131nda ileti\u015fimi ve arac\u0131l\u0131\u011f\u0131 kolayla\u015ftr\u0131r. Dava d\u0131\u015f\u0131 uyu\u015fmazl\u0131klar do\u011fru \u00e7\u00f6z\u00fclmeleri vererek arac\u0131l\u0131\u011f\u0131n\u0131n en \u00f6nemli unsurudur.<\/p>\n<p>Ekibimiz tecr\u00fcbeli ve yetenekli uzmanlardan olu\u015ftururken a\u015fa\u011f\u0131daki hizmetleri verir:<\/p>\n<p>a) <span style=\"color: #0090d3;\"><strong>Arac\u0131l\u0131k<\/strong><\/span>: Genel kabul edilen \u00e7\u00f6z\u00fcmlerl bulmak isterseniz en kolay ve en k\u0131sa zaman i\u00e7inde hedefinde daha yak\u0131n yakla\u015fabiliriz.<\/p>\n<p>b) <span style=\"color: #0090d3;\"><strong>Hukuk tezminati<\/strong><\/span>: Burada \u00f6nemli olan dan\u0131\u015fman olarak \u00e7al\u0131\u015fan ki\u015filerin i\u015f tarifinde belirtilmi\u015f alanda tecr\u00fcbeli ve uzman ki\u015filer olmalar\u0131d\u0131r.<\/p>\n<p>c) <span style=\"color: #0090d3;\"><strong>c)Dan\u0131\u015fmanl\u0131k Hizmetleri<\/strong><\/span>: En yararl\u0131 ve dava d\u0131\u015f\u0131 anla\u015fma hakk\u0131nda en uygun \u00e7\u00f6z\u00fcmleri bulmak isterseniz, ayr\u0131nt\u0131tl\u0131 kullanmalar\u0131 yaparken, \u00f6zel hizmetler ve \u00e7\u00f6z\u00fcmler sa\u011flan\u0131yoruz.[\/vc_column_text][\/vc_tab][vc_tab tab_id=&#8221;228add87-8cc2-0&#8243; icon_id=&#8221;1234&#8243; icon=&#8221;Default-rocket&#8221; title=&#8221; &#8220;][vc_column_text dp_animation=&#8221;&#8221;]<br \/>\n<script> document.getElementById(\"1234\").addEventListener(\"mouseover\",mouseOver);\nfunction mouseOver() { document.getElementById(\"228add87-8cc2-0\").style.display=\"block\"; } <\/script><\/p>\n<h2>Yeni \u015firketlerin \u015fekilleri<\/h2>\n<ul>\n<li>\u201cstart-ups\u201d \u015firketler\u03af<\/li>\n<li>Kolektif Ortakl\u0131k \u015eirketi (OHG)<\/li>\n<li>Bir\u00e7ok eksiklik dan\u0131\u015fmanl\u0131k ve e\u011fitimle kapat\u0131labilir. Bu t\u00fcr hizmetler sanayi ve ticaret odalar\u0131nda veya esnaf odalar\u0131nda bulunabilir. Tavsiye almak i\u00e7in \u00e7e\u015fitli dernek ve platformlara ba\u015fvurulabilir.<\/li>\n<li>Finans bulma yollar\u0131<\/li>\n<li>\u015eirket Kurulu\u015fu i\u00e7in gerekeneler ve \u00f6zel hukuk destekleri verebiliriz. Size hukuk prosed\u00fcrler, i\u015flevler, yat\u0131r\u0131m hakk\u0131nda g\u00fc\u00e7l\u00fc ve zay\u0131f y\u00f6nlerl tespit ed\u0131kten sonra yard\u0131mc\u0131 olabiliriz.<\/li>\n<\/ul>\n<p>[\/vc_column_text][\/vc_tab][vc_tab title=&#8221; &#8221; tab_id=&#8221;1472658822141-2-1&#8243; icon=&#8221;Default-earth&#8221;][vc_column_text dp_animation=&#8221;&#8221;]<\/p>\n<h2>Yabanc\u0131lar ve soysa\u015f hukuku<\/h2>\n<ul>\n<li>Vergi uyu\u015fmazl\u0131klar\u0131n\u0131n idari a\u015famada uzla\u015fma yoluyla \u00e7\u00f6z\u00fcm\u00fc<\/li>\n<li>Y\u0131ll\u0131k Gelir Vergisi Beyanname Vermesi<\/li>\n<li>Vergi verme ve \u00f6deme s\u00fcreleri planlamasi<\/li>\n<li>Bo\u015fanma, nafaka, maddi ve manevi tazminat ile m\u00fc\u015fterek \u00e7ocuklar\u0131n velayetine ili\u015fkin uyu\u015fmazl\u0131klar\u0131n takibi<\/li>\n<li>Vasiyetname ve miras s\u00f6zle\u015fmelerinin haz\u0131rlanmas\u0131, miras\u00e7\u0131l\u0131k belgesi al\u0131nmas\u0131, veraset ve intikal i\u015flemlerinin y\u00fcr\u00fct\u00fclmesi<\/li>\n<li>M\u00fclkiyet hakk\u0131 sahiplerine ve yat\u0131r\u0131mc\u0131lara m\u00fclkiyetin devri ve y\u00f6netimi konular\u0131nda dan\u0131\u015fmal\u0131k hizmeti verilmesi<\/li>\n<li>\u0130n\u015faat, arsa pay\u0131 kar\u015f\u0131l\u0131\u011f\u0131 in\u015faat, gayrimenkul sat\u0131\u015f vaadi, joint venture ve konsorsiyum s\u00f6zle\u015fmelerinin g\u00f6r\u00fc\u015fmelerinin haz\u0131rlanmas\u0131 ve y\u00fcr\u00fct\u00fclmesi<\/li>\n<li>Kamu iktisadi te\u015febb\u00fcsleri dahil olmak \u00fczere her t\u00fcrl\u00fc idari projenin hukuki i\u015f ve i\u015flemlerinin y\u00fcr\u00fct\u00fclmesi<\/li>\n<li>Yunanistan` da ya ba\u015fka \u00fclkeye emeklil\u0131k sorular\u0131<\/li>\n<li>Yunanistan`da yabanci mahkeme icra edilen kararlar\u0131<\/li>\n<li>Yunan adalarinda ve di\u011fer turistik yerlerde yat\u0131r\u0131mlar<\/li>\n<li>Apostille m\u00fchr\u00fc, T\u00fcrk Makamlar\u0131 taraf\u0131ndan tanzim edilen evraklar\u0131n Yunan Makamlar\u0131 taraf\u0131ndan kabul edilmeleri i\u00e7in do\u011fruluklar\u0131n\u0131n belgelendirilmesi gerekenler<\/li>\n<li>Devlet devlet hizmetlerinde temsilcili\u011fi(DEH, EYDAP, OTE) v.s<\/li>\n<li>Milli Tapu dairesine temsilcilik<\/li>\n<li>Gayrimenkullerinin tapu sicillerinin yap\u0131lmas\u0131, evrak d\u00fczeltmesi<\/li>\n<\/ul>\n<p>[\/vc_column_text][\/vc_tab][vc_tab title=&#8221; &#8221; tab_id=&#8221;1472658824591-3-2&#8243; icon=&#8221;Default-home&#8221;][vc_column_text dp_animation=&#8221;&#8221;]<\/p>\n<h2>Medeni Hukuku<\/h2>\n<h3>Gayrimenkul ve Gayrimenkul Yat\u0131r\u0131m Ortakl\u0131\u011f\u0131 Hukuku<\/h3>\n<ul>\n<li>Arac\u0131l\u0131k s\u00f6zle\u015fmesi s\u00fcresi boyunca. m\u00fc\u015fterilere ya da sat\u0131c\u0131lara hukuk deste\u011fi veriyoruz<\/li>\n<li>Ipotek koyma ya da iptal etmesi<\/li>\n<li>Gayrimenkul finansman\u0131, yabanc\u0131lar\u0131n ta\u015f\u0131nmaz edinmesi ve gayrimenkul yat\u0131r\u0131m ortakl\u0131klar\u0131n\u0131n kurulu\u015fu ve i\u015fleyi\u015fi a\u015famalar\u0131nda dan\u0131\u015fmanl\u0131k hizmetlerinin verilmesi<\/li>\n<li>Vergi ve hukuk sorular hakkinda tevsiyeleri<\/li>\n<\/ul>\n<h3>Milli Tapu dairesi<\/h3>\n<ul>\n<li>Gayrimenkullerinin tapu sicillerinin yap\u0131lmas\u0131<\/li>\n<li>evrak d\u00fczeltmesi<\/li>\n<li>itirazlar<\/li>\n<\/ul>\n<h3>Aile Hukuku<\/h3>\n<ul>\n<li>Bo\u015fanma i\u00e7in gerekli evrak<\/li>\n<li>Bir arada ya\u015fama anla\u015fmas\u0131<\/li>\n<li>Soy ba\u011f\u0131 uyu\u015fmazl\u0131klar\u0131ndan do\u011fan davalar<\/li>\n<li>Evl\u00e2t edinme<\/li>\n<li>Hukuk\u00ee dan\u0131\u015fmanl\u0131k ve avukatl\u0131k hizmeti verilmektedir<\/li>\n<\/ul>\n<h3>Miras Hukuku<\/h3>\n<ul>\n<li>Miras paylar\u0131n\u0131n belirlenmesi<\/li>\n<li>Vaziyetname kabul edilmesi\/ iptal edilmesi<\/li>\n<li>mal rejimi s\u00f6zle\u015fmeleri akdedilmesi ve tasfiye edilmesi<\/li>\n<li>Miras payla\u015ft\u0131rmas\u0131<\/li>\n<\/ul>\n<p>[\/vc_column_text][\/vc_tab][vc_tab title=&#8221; &#8221; tab_id=&#8221;1472658825430-4-8&#8243; icon=&#8221;Default-cart2&#8243;][vc_column_text dp_animation=&#8221;&#8221;]<\/p>\n<h2>T\u00fcketicinin Korunmas\u0131 Hukuku<\/h2>\n<p>Hukuk ve mahkeme temsilcili\u011fi a\u015fa\u011f\u0131daki konular\u0131 hakkindad\u0131r:<\/p>\n<ul>\n<li>Bankac\u0131l\u0131k maddeleri ve hizmetleri<\/li>\n<li>Telekom iletii\u015fimi<\/li>\n<li>Kusurlu olan maddeleri<\/li>\n<li>Iy\u0131 al\u0131\u015fverl\u015fe sa\u011flayan kanunlari<\/li>\n<li>Her t\u00fcrl\u00fc t\u00fcketici istemeyen i\u015flemlerinden korunmas\u0131<\/li>\n<li>Aldat\u0131c\u0131 reklamlardan korunnmas\u0131<\/li>\n<li>Uzaktan anla\u015fmaya gelenler kontrol yapmak, t\u00fcketici \u00fcr\u00fcnler i\u00e7in garanti vermesi v.s<\/li>\n<\/ul>\n<p>[\/vc_column_text][\/vc_tab][vc_tab title=&#8221; &#8221; tab_id=&#8221;1472658826170-5-0&#8243; icon=&#8221;Default-shop&#8221;][vc_column_text dp_animation=&#8221;&#8221;]<\/p>\n<h2>Ticaret hukuku<\/h2>\n<h3>Giri\u015fimler ve \u015firketler<\/h3>\n<ul>\n<li>\u00d6ncelikten al\u0131nma tezminati<\/li>\n<li>\u015eirket genel kurul toplant\u0131lar\u0131, y\u00f6netim kurulu toplant\u0131lar\u0131, birle\u015fme ve devralmalar ile ilgili her t\u00fcrl\u00fc dok\u00fcman\u0131n haz\u0131rlanmas\u0131 ve usulle ilgili t\u00fcm i\u015flemlerin y\u00fcr\u00fct\u00fclmesi<\/li>\n<li>Her t\u00fcrl\u00fc ticari uyu\u015fmazl\u0131k yan\u0131nda \u00f6zellikle genel kurul kararlar\u0131n\u0131n iptali, y\u00f6netim kurulu \u00fcyelerinin sorumlulu\u011fu, ortakl\u0131ktan ihra\u00e7 davalar\u0131 hususunda hukuki destek verilmes<\/li>\n<li>\u0130flas ve iflas erteleme davalar\u0131<\/li>\n<li>Ticaret \u00fcnvan\u0131na tecav\u00fcz\u00fcn \u00f6nlenmesi davalar\u0131<\/li>\n<\/ul>\n<h3>S\u00f6zle\u015fme hukuku<\/h3>\n<ul>\n<li>S\u00f6zle\u015fme ke\u015fif planlama &#8211; \u00f6zel s\u00f6zle\u015fmesi (\u00f6rn.Kira s\u00f6zlemesi)<\/li>\n<li>Mahkemelerde temsicili\u011fi- tezminatlar<\/li>\n<\/ul>\n<h3>Manevi hukuku<\/h3>\n<ul>\n<li>Fikri hukukta manevi haklar ve manevi haklar\u0131n\u0131n korunmas\u0131<\/li>\n<li>Fikri m\u00fclkiyet hukukunda ve eser sahiplerin haklarin korunmasi<\/li>\n<\/ul>\n<h3>Fikri m\u00fclkiyet hukukunda manevi haklar, icatlar, patentler, marka<\/h3>\n<ul>\n<li>Sanayi haklari ilgili dava a\u00e7mas\u0131 ve iptal etmesi \/ tescilli markalar\u0131<\/li>\n<li>Sanayi projelerin korunmas\u0131<\/li>\n<li>tescilli markalar\u0131n sa\u011flamas\u0131 ve nakili<\/li>\n<li>patentlerin diploma sa\u011flamas\u0131<\/li>\n<\/ul>\n<p>[\/vc_column_text][\/vc_tab][vc_tab title=&#8221; &#8221; tab_id=&#8221;1472658827000-6-2&#8243; icon=&#8221;Default-star2&#8243;][vc_column_text dp_animation=&#8221;&#8221; el_class=&#8221;services-fashion&#8221;]<\/p>\n<h2>Moda, Sanat &amp; M\u00fczik<\/h2>\n<h3>Fashion law<\/h3>\n<p>Fashion Law dal\u0131 elbiselerin ya da aksesuar\u0131n bir \u201c\u00f6mr\u00fc\u201d boyunca ortaya \u00e7\u0131kan sorular\u0131 ile u\u011fra\u015f\u0131yor. A\u015fa\u011f\u0131daki konular Fashion Law ile ilgili dir:<\/p>\n<ul>\n<li>Manevi m\u00fclkiyeti<\/li>\n<li>Giri\u015fimcilik, nakdi, ve bunlar\u0131n daha k\u00fc\u00e7\u00fck kategorileri hakk\u0131nda sorular\u0131, \u00f6rn. \u0130\u015f hukuku ve Gayrimenkul finansman\u0131<\/li>\n<li>Uluslararasi ticareti ve milli ayarlar\u0131, ya\u015fayabilen ve g\u00fcvenleme konular\u0131 v.s<\/li>\n<li>dress code ve dinsel elbise<\/li>\n<li>t\u00fcketicinin davran\u0131\u015f\u0131<\/li>\n<li>Ki\u015fisel verilerin korunmas\u0131 ve giyinme teknikleri hakk\u0131nda (wearable technology)<\/li>\n<li>\u039ai\u015fisel haklar\u0131<\/li>\n<li>Kuma\u015f \u00fcretlmi<\/li>\n<li>Modeling (Re\u015fit olmayanlar modeller i\u00e7in genel yasas\u0131, \u00f6demeleri , ve onlar\u0131n yararlanmas\u0131<\/li>\n<li>Media<\/li>\n<li>Parf\u00fcm ve kozmetik \u00fcr\u00fcnlerinin ticareti<\/li>\n<\/ul>\n<hr \/>\n<h3>Art Law * Sanat hukuku<\/h3>\n<p>Iki de\u011fl\u015fik alanlar\u0131 birle\u015ftirerek- sanat ve hukuk- her taraftan meydana \u00e7\u0131kan konular\u0131 \u00e7\u00f6z\u00fclebilir yan\u0131:<\/p>\n<ul>\n<li>Sanat eserleri (sat\u0131c\u0131lar, koleksiyoncular, a\u00e7\u0131k art\u0131rmalar)<\/li>\n<li>Sanar eserleri hakkinda ortaya \u00e7\u0131kan sorular\u0131 \u00e7\u00f6z\u00fclmesi<\/li>\n<li>Sanat ve k\u00fclt\u00fcrel y\u00f6netimi<\/li>\n<li>Sanatc\u0131lar\u0131n haklar\u0131<\/li>\n<li>Manevi m\u00fclkiyeti ve rekabet hukuku<\/li>\n<\/ul>\n<hr \/>\n<h3>Music Law &#8211; M\u00fczik hukuku<\/h3>\n<p>M\u00fczik alan\u0131nda m\u00fczik eserleri \u00fcreten ve onlar\u0131 icra eden sanat\u00e7\u0131lar ile bu eserlerden istifade etmek isteyen ki\u015fi ve kurumlara hukuki dan\u0131\u015fmanl\u0131k hizmeti vermekteyiz yan\u0131:<\/p>\n<ul>\n<li>Manevi m\u00fclkiyeti<\/li>\n<li>Copyright ve tescilli marka<\/li>\n<li>Yap\u0131lan projeler ilgili hakklar\u0131<\/li>\n<li>Res\u0131mlerin yay\u0131nlamak haklar\u0131<\/li>\n<li>Rekabetcilik hukuku<\/li>\n<li>Anla\u015fma hukuku<\/li>\n<\/ul>\n<p>\u00d6zellikle konsert d\u00fczemleme alan\u0131nda a\u015fa\u011f\u0131daki sorular\u0131 ile kar\u015f\u0131 kar\u015f\u0131ya geliyoruz:<\/p>\n<ul>\n<li>Yabanc\u0131 hukuku<\/li>\n<li>Sa\u011flik ve g\u00fcvencilik sorular\u0131<\/li>\n<\/ul>\n<p>[\/vc_column_text][\/vc_tab][vc_tab title=&#8221; &#8221; tab_id=&#8221;1472658827710-7-8&#8243; icon=&#8221;Default-laptop&#8221;][vc_column_text dp_animation=&#8221;&#8221;]<\/p>\n<h2>E-Ticaret Hukuku<\/h2>\n<p>A\u015fa\u011f\u0131daki hukuk ve dan\u0131\u015fmanl\u0131k destek hizmetleri veriyoruz:<\/p>\n<ul>\n<li>\u0130nternet \u00fczerinden sat\u0131m ve di\u011fer s\u00f6zle\u015fmelerin haz\u0131rlanmas\u0131 (Kullanma \u015fartlar\u0131)<\/li>\n<li>Internette k\u00f6t\u00fc olu\u015fturabilecek \u015fohreti<\/li>\n<li>Istemeyen reklam praktikleri<\/li>\n<li>E hacking<\/li>\n<li>E-ticaret \u015firketlerinin kurulmas\u0131 ve i\u015fleyi\u015fi s\u00fcrecinde hukuki destek verilmesi<\/li>\n<li>Manevi m\u00fclkiyeti ve rekabet hukuku<\/li>\n<li>Ki\u015fisel haklar\u0131n\u0131n sorunlar\u0131 ve korunmas\u0131<\/li>\n<li>\u0130nternet aldatmas\u0131<\/li>\n<li>Cybersquatting<\/li>\n<li>Internet \u015fat\u0131s i\u00e7in \u015firket kurmas\u0131 (BusinesstoBusiness, BusinesstoConsumer, online \u00f6demeler, s\u00f6zle\u015fme yapmas\u0131 \u03ba.\u03bf.\u03ba)<\/li>\n<li>E-ticaret \u015firketi kurulmak i\u00e7in hukuk destekleri<\/li>\n<\/ul>\n<p>[\/vc_column_text][\/vc_tab][vc_tab title=&#8221; &#8221; tab_id=&#8221;1472658828460-8-2&#8243; icon=&#8221;Default-institution&#8221;][vc_column_text dp_animation=&#8221;&#8221;]<\/p>\n<h2>Vergi\/Ceza hukuku<\/h2>\n<h3>Vergi hukuku<\/h3>\n<ul>\n<li>Su\u00e7 ve cezalar genel olarak Ceza Hukukunun konusudur. Vergi cezalar\u0131n\u0131n, para cezas\u0131 ve gelir vergisi hakkinda ilgili iktidaradan \u00e7arpt\u0131ran yineden \u0131nceliyoruz.<\/li>\n<li>M\u00fclkiyetim en \u00e7\u0131karl\u0131 yararlanma projesi.<\/li>\n<li>B\u00fct\u00fcn vergi konular hakkinda hukuk\u00ee dan\u0131\u015fmanl\u0131k ve avukatl\u0131k hizmeti veriyoruz<\/li>\n<\/ul>\n<h3>Ceza hukuku<\/h3>\n<ul>\n<li>Dava ve dava d\u0131\u015f\u0131 uyu\u015fmazl\u0131klar \u00e7\u00f6z\u00fclmeye ceza su\u00e7lara \u00fczerinde \u00e7al\u0131\u015fmaktad\u0131r<\/li>\n<\/ul>\n<p>[\/vc_column_text][\/vc_tab][vc_tab title=&#8221; &#8221; tab_id=&#8221;1472658829280-9-0&#8243; icon=&#8221;Default-pig&#8221;][vc_column_text dp_animation=&#8221;&#8221;]<\/p>\n<h2>Icra- Iflas hukuku\/ Bor\u00e7lunun haline m\u00fcnasip evler<\/h2>\n<ul>\n<li>Dava d\u0131\u015f\u0131 bor\u00e7 para ayarlamas\u0131\/ Bankacilik ahlaki kod<\/li>\n<li>Bor\u00e7 ayarlamak i\u00e7in hukuksal hizmetler ve \u00e7\u00f6z\u00fcmler<\/li>\n<li>Kredi kurumlar\u0131 dan\u0131\u015fmanl\u0131k madde . 3869\/2010 \/ Bor\u00e7lunun haline m\u00fcnasip ki\u015fileri hakk\u0131nda<\/li>\n<\/ul>\n<p>[\/vc_column_text][\/vc_tab][vc_tab title=&#8221; &#8221; tab_id=&#8221;1472658830042-10-3&#8243; icon=&#8221;Default-user5&#8243;][vc_column_text dp_animation=&#8221;&#8221;]<\/p>\n<h2>\u0130\u015f Hukuku Uyu\u015fmazl\u0131klar\u0131<\/h2>\n<ul>\n<li>\u0130\u015f s\u00f6zle\u015fmelerinin d\u00fczenlenmesi<\/li>\n<li>\u0130\u015ften \u00e7\u0131karma bildirim \u00f6dencesi<\/li>\n<li>\u0130\u015f\u00e7i &#8211; i\u015fveren ili\u015fkilerinin kurulmas\u0131 gerekse de bu ili\u015fkilerden ortaya \u00e7\u0131kabilecek uyu\u015fmazl\u0131klare hukuk tazminatla \u00e7\u00f6z\u00fcm veriyoruz<\/li>\n<li>Emeklilik ba\u015fvurusundan \u00f6nce gerekli ipu\u00e7lar\u0131 haz\u0131rlan\u0131yoruz<\/li>\n<\/ul>\n<p>[\/vc_column_text][\/vc_tab][vc_tab title=&#8221; &#8221; tab_id=&#8221;1472658831351-11-8&#8243; icon=&#8221;Default-euro&#8221;][vc_column_text dp_animation=&#8221;&#8221;]<\/p>\n<h2>ESPA<\/h2>\n<p>ESPA ya da di\u011fer ba\u015fka e\u015f-finansma programlar\u0131ndan faydalanabilen, bir\u00e7ok eksiklik dan\u0131\u015fmanl\u0131k ve e\u011fitimle sa\u011flayabiliriz.<\/p>\n<ul>\n<li>\u0392ir giri\u015fim projenin ilk ad\u0131mlar\u0131ndan olgunla\u015fmas\u0131na kadar<\/li>\n<li>Teknik raporlar\u0131 i\u00e7in ba\u015fvurma ve b\u00fct\u00fcnleme<\/li>\n<li>Her t\u00fcrl\u00fc idari projenin hukuki i\u015f ve iktidar i\u015flemlerinin y\u00fcr\u00fct\u00fclmesi<\/li>\n<li>Finanse edilen kasadan alma i\u015flemleri takip ediyoruz ve hukuk deste\u011fi veriyoruz.<\/li>\n<\/ul>\n<p>[\/vc_column_text][\/vc_tab][\/vc_tabs][\/vc_column][\/vc_row]<\/p>\n<\/div><!-- AddThis Advanced Settings generic via filter on the_content --><!-- AddThis Share Buttons generic via filter on the_content -->","protected":false},"excerpt":{"rendered":"<p>[vc_row type=&#8221;grid&#8221; video_bg=&#8221;&#8221; is_fss_bg=&#8221;no&#8221; css=&#8221;.vc_custom_1474302676345{padding-top: 50px !important;padding-bottom: 40px !important;}&#8221;][vc_column width=&#8221;2\/3&#8243; dp_animation=&#8221;&#8221; offset=&#8221;vc_col-lg-offset-2 vc_col-md-offset-2 vc_col-sm-offset-2&#8243;][vc_column_text dp_animation=&#8221;&#8221; css=&#8221;.vc_custom_1475670720793{margin-bottom: 40px !important;}&#8221;] Law Concept b\u00fcrom\u00fcz dava ve dava d\u0131\u015f\u0131 uyu\u015fmazl\u0131klar \u00e7\u00f6z\u00fclmeye \u00e7al\u0131\u015fmaktad\u0131r. Yabanc\u0131 hukuk sistemlerlnde g\u00fcn ge\u00e7tik\u00e7e yay\u0131lan bu&#8230;<\/p>\n<p><a class=\"readon\" href=\"https:\/\/lawconcept.eu\/tr\/hizmetler\/\"><span>read more<\/span><\/a><\/p>\n<p><!-- AddThis Advanced Settings generic via filter on get_the_excerpt --><!-- AddThis Share Buttons generic via filter on get_the_excerpt --><\/p>\n","protected":false},"author":3,"featured_media":0,"parent":0,"menu_order":0,"comment_status":"open","ping_status":"closed","template":"template.fullwidth.vc.php","meta":{"footnotes":""},"class_list":["post-8125","page","type-page","status-publish","hentry"],"yoast_head":"<!-- This site is optimized with the Yoast SEO plugin v27.3 - https:\/\/yoast.com\/product\/yoast-seo-wordpress\/ -->\n<title>HIZMETLER - Law Concept<\/title>\n<meta name=\"robots\" content=\"index, follow, max-snippet:-1, max-image-preview:large, max-video-preview:-1\" \/>\n<link rel=\"canonical\" href=\"https:\/\/lawconcept.eu\/tr\/hizmetler\/\" \/>\n<meta property=\"og:locale\" content=\"tr_TR\" \/>\n<meta property=\"og:type\" content=\"article\" \/>\n<meta property=\"og:title\" content=\"HIZMETLER - Law Concept\" \/>\n<meta property=\"og:description\" content=\"[vc_row type=&#8221;grid&#8221; video_bg=&#8221;&#8221; is_fss_bg=&#8221;no&#8221; css=&#8221;.vc_custom_1474302676345{padding-top: 50px !important;padding-bottom: 40px !important;}&#8221;][vc_column width=&#8221;2\/3&#8243; dp_animation=&#8221;&#8221; offset=&#8221;vc_col-lg-offset-2 vc_col-md-offset-2 vc_col-sm-offset-2&#8243;][vc_column_text dp_animation=&#8221;&#8221; css=&#8221;.vc_custom_1475670720793{margin-bottom: 40px !important;}&#8221;] Law Concept b\u00fcrom\u00fcz dava ve dava d\u0131\u015f\u0131 uyu\u015fmazl\u0131klar \u00e7\u00f6z\u00fclmeye \u00e7al\u0131\u015fmaktad\u0131r. Yabanc\u0131 hukuk sistemlerlnde g\u00fcn ge\u00e7tik\u00e7e yay\u0131lan bu...read more\" \/>\n<meta property=\"og:url\" content=\"https:\/\/lawconcept.eu\/tr\/hizmetler\/\" \/>\n<meta property=\"og:site_name\" content=\"Law Concept\" \/>\n<meta property=\"article:modified_time\" content=\"2017-09-18T13:23:23+00:00\" \/>\n<meta name=\"twitter:card\" content=\"summary_large_image\" \/>\n<meta name=\"twitter:label1\" content=\"Tahmini okuma s\u00fcresi\" \/>\n\t<meta name=\"twitter:data1\" content=\"9 dakika\" \/>\n<script type=\"application\/ld+json\" class=\"yoast-schema-graph\">{\"@context\":\"https:\\\/\\\/schema.org\",\"@graph\":[{\"@type\":\"WebPage\",\"@id\":\"https:\\\/\\\/lawconcept.eu\\\/tr\\\/hizmetler\\\/\",\"url\":\"https:\\\/\\\/lawconcept.eu\\\/tr\\\/hizmetler\\\/\",\"name\":\"HIZMETLER - Law Concept\",\"isPartOf\":{\"@id\":\"https:\\\/\\\/lawconcept.eu\\\/#website\"},\"datePublished\":\"2017-05-15T10:17:52+00:00\",\"dateModified\":\"2017-09-18T13:23:23+00:00\",\"breadcrumb\":{\"@id\":\"https:\\\/\\\/lawconcept.eu\\\/tr\\\/hizmetler\\\/#breadcrumb\"},\"inLanguage\":\"tr\",\"potentialAction\":[{\"@type\":\"ReadAction\",\"target\":[\"https:\\\/\\\/lawconcept.eu\\\/tr\\\/hizmetler\\\/\"]}]},{\"@type\":\"BreadcrumbList\",\"@id\":\"https:\\\/\\\/lawconcept.eu\\\/tr\\\/hizmetler\\\/#breadcrumb\",\"itemListElement\":[{\"@type\":\"ListItem\",\"position\":1,\"name\":\"Home\",\"item\":\"https:\\\/\\\/lawconcept.eu\\\/tr\\\/\"},{\"@type\":\"ListItem\",\"position\":2,\"name\":\"HIZMETLER\"}]},{\"@type\":\"WebSite\",\"@id\":\"https:\\\/\\\/lawconcept.eu\\\/#website\",\"url\":\"https:\\\/\\\/lawconcept.eu\\\/\",\"name\":\"Law Concept\",\"description\":\"\",\"potentialAction\":[{\"@type\":\"SearchAction\",\"target\":{\"@type\":\"EntryPoint\",\"urlTemplate\":\"https:\\\/\\\/lawconcept.eu\\\/?s={search_term_string}\"},\"query-input\":{\"@type\":\"PropertyValueSpecification\",\"valueRequired\":true,\"valueName\":\"search_term_string\"}}],\"inLanguage\":\"tr\"}]}<\/script>\n<!-- \/ Yoast SEO plugin. -->","yoast_head_json":{"title":"HIZMETLER - Law Concept","robots":{"index":"index","follow":"follow","max-snippet":"max-snippet:-1","max-image-preview":"max-image-preview:large","max-video-preview":"max-video-preview:-1"},"canonical":"https:\/\/lawconcept.eu\/tr\/hizmetler\/","og_locale":"tr_TR","og_type":"article","og_title":"HIZMETLER - Law Concept","og_description":"[vc_row type=&#8221;grid&#8221; video_bg=&#8221;&#8221; is_fss_bg=&#8221;no&#8221; css=&#8221;.vc_custom_1474302676345{padding-top: 50px !important;padding-bottom: 40px !important;}&#8221;][vc_column width=&#8221;2\/3&#8243; dp_animation=&#8221;&#8221; offset=&#8221;vc_col-lg-offset-2 vc_col-md-offset-2 vc_col-sm-offset-2&#8243;][vc_column_text dp_animation=&#8221;&#8221; css=&#8221;.vc_custom_1475670720793{margin-bottom: 40px !important;}&#8221;] Law Concept b\u00fcrom\u00fcz dava ve dava d\u0131\u015f\u0131 uyu\u015fmazl\u0131klar \u00e7\u00f6z\u00fclmeye \u00e7al\u0131\u015fmaktad\u0131r. Yabanc\u0131 hukuk sistemlerlnde g\u00fcn ge\u00e7tik\u00e7e yay\u0131lan bu...read more","og_url":"https:\/\/lawconcept.eu\/tr\/hizmetler\/","og_site_name":"Law Concept","article_modified_time":"2017-09-18T13:23:23+00:00","twitter_card":"summary_large_image","twitter_misc":{"Tahmini okuma s\u00fcresi":"9 dakika"},"schema":{"@context":"https:\/\/schema.org","@graph":[{"@type":"WebPage","@id":"https:\/\/lawconcept.eu\/tr\/hizmetler\/","url":"https:\/\/lawconcept.eu\/tr\/hizmetler\/","name":"HIZMETLER - Law Concept","isPartOf":{"@id":"https:\/\/lawconcept.eu\/#website"},"datePublished":"2017-05-15T10:17:52+00:00","dateModified":"2017-09-18T13:23:23+00:00","breadcrumb":{"@id":"https:\/\/lawconcept.eu\/tr\/hizmetler\/#breadcrumb"},"inLanguage":"tr","potentialAction":[{"@type":"ReadAction","target":["https:\/\/lawconcept.eu\/tr\/hizmetler\/"]}]},{"@type":"BreadcrumbList","@id":"https:\/\/lawconcept.eu\/tr\/hizmetler\/#breadcrumb","itemListElement":[{"@type":"ListItem","position":1,"name":"Home","item":"https:\/\/lawconcept.eu\/tr\/"},{"@type":"ListItem","position":2,"name":"HIZMETLER"}]},{"@type":"WebSite","@id":"https:\/\/lawconcept.eu\/#website","url":"https:\/\/lawconcept.eu\/","name":"Law Concept","description":"","potentialAction":[{"@type":"SearchAction","target":{"@type":"EntryPoint","urlTemplate":"https:\/\/lawconcept.eu\/?s={search_term_string}"},"query-input":{"@type":"PropertyValueSpecification","valueRequired":true,"valueName":"search_term_string"}}],"inLanguage":"tr"}]}},"_links":{"self":[{"href":"https:\/\/lawconcept.eu\/tr\/wp-json\/wp\/v2\/pages\/8125","targetHints":{"allow":["GET"]}}],"collection":[{"href":"https:\/\/lawconcept.eu\/tr\/wp-json\/wp\/v2\/pages"}],"about":[{"href":"https:\/\/lawconcept.eu\/tr\/wp-json\/wp\/v2\/types\/page"}],"author":[{"embeddable":true,"href":"https:\/\/lawconcept.eu\/tr\/wp-json\/wp\/v2\/users\/3"}],"replies":[{"embeddable":true,"href":"https:\/\/lawconcept.eu\/tr\/wp-json\/wp\/v2\/comments?post=8125"}],"version-history":[{"count":5,"href":"https:\/\/lawconcept.eu\/tr\/wp-json\/wp\/v2\/pages\/8125\/revisions"}],"predecessor-version":[{"id":8194,"href":"https:\/\/lawconcept.eu\/tr\/wp-json\/wp\/v2\/pages\/8125\/revisions\/8194"}],"wp:attachment":[{"href":"https:\/\/lawconcept.eu\/tr\/wp-json\/wp\/v2\/media?parent=8125"}],"curies":[{"name":"wp","href":"https:\/\/api.w.org\/{rel}","templated":true}]}}