{"id":8123,"date":"2017-05-15T13:16:30","date_gmt":"2017-05-15T10:16:30","guid":{"rendered":"https:\/\/lawconcept.eu\/?page_id=8123\/"},"modified":"2017-05-15T13:25:58","modified_gmt":"2017-05-15T10:25:58","slug":"hakkimizda","status":"publish","type":"page","link":"https:\/\/lawconcept.eu\/tr\/hakkimizda\/","title":{"rendered":"HAKKIMIZDA"},"content":{"rendered":"<div class=\"wpb-content-wrapper\"><p>[vc_row type=&#8221;grid&#8221; video_bg=&#8221;&#8221; is_fss_bg=&#8221;no&#8221; css=&#8221;.vc_custom_1474302620138{padding-top: 50px !important;padding-bottom: 50px !important;}&#8221;][vc_column width=&#8221;2\/3&#8243; dp_animation=&#8221;&#8221; offset=&#8221;vc_col-lg-offset-2 vc_col-md-offset-2 vc_col-sm-offset-2&#8243; css=&#8221;.vc_custom_1467129760290{padding-right: 30px !important;padding-left: 30px !important;}&#8221;][vc_column_text dp_animation=&#8221;&#8221;]Hukuk Partner b\u00fct\u00fcnsellik ilkesi dahilinde bir hukuk b\u00fcrosunda yap\u0131lan b\u00fct\u00fcn i\u015flemleri ger\u00e7ekle\u015ftirebilmeniz i\u00e7in gerekli b\u00fct\u00fcn fonksiyonlar\u0131 tek bir kullan\u0131c\u0131 ara biriminde toplayacak \u015fekilde tasarlanm\u0131\u015ft\u0131r. B\u00f6ylece dava ve icra dosyalar\u0131ndan olu\u015fan temel faaliyetlerinizi, personel ileti\u015fimini; sizin veya di\u011fer taraflar\u0131n olu\u015fturdu\u011fu evraklar\u0131n dosyalara eklenmesini, \u00f6zet olarak t\u00fcm faaliyetlerinizi y\u00f6netebilmenizi sa\u011flar.<\/p>\n<p>Yerli ve yabanc\u0131 m\u00fcvekkillerimize kaliteli hukuki destek verilmesi, rapor ve bilgi notlar\u0131 haz\u0131rlanmas\u0131 hedefimizdir. \u00d6zellikle a\u015fa\u011f\u0131daki sekt\u00f6rlere sayg\u0131 g\u00f6stererek<br \/>\n\u00f6zel hukuksal hizmetler ve \u00e7\u00f6z\u00fcmler sa\u011flan\u0131yoruz: Vergi hukuku, Uluslararas\u0131 Anla\u015fma Yat\u0131r\u0131m, \u015eirket ve ticaret hukuku, Uluslararas\u0131 \u00f6zel hukuku, medeni hukuku, Yabanc\u0131lar ve G\u00f6\u00e7men hukuku, Fikri m\u00fclkiyet hukukunda manevi haklar, Gayrimenkul ve Gayrimenkul Yat\u0131r\u0131m Ortakl\u0131\u011f\u0131 Hukuku, Sanayi hukuku, Miras hukuku, Aile Hukuku ve Mal Rejimleri, aracilik ve dan\u0131\u015fmanl\u0131k destek hizmetleri sa\u011flan\u0131yoruz.<\/p>\n<p>D\u00fcnya ekonomisinde olu\u015fan globalle\u015fme s\u00fcreci ile ticari ili\u015fkiler evrensele\u015fmi\u015f ve ak\u0131l almaz bir h\u0131zla artma g\u00f6\u015ftermi\u015ftir. Birka\u00e7 dan\u0131\u015fmanlar, \u00f6zel uzmanlar, avukat\u0131n, noterler ve komisyon b\u00fcrolarla bir araya gelerek \u201cone- stop shop fikiri\u201d meydana geline, farkli uzmanl\u0131k alanlar\u0131nda, mesela vergi ve idare hukuksal sorunlar i\u00e7in, \u00f6zel hukuksal hizmetler ve \u00e7\u00f6z\u00fcmler sa\u011flan\u0131yoruz.<br \/>\nB\u00fcromuz, bu spesifik-\u00f6zel konularda sahip oldu\u011fu tecr\u00fcbe ve birikimlerini zaman i\u00e7inde bir uzmanl\u0131k alan\u0131 haline getirmi\u015f eldeki mevcut veri ve birikimlerini bu davalar\u0131n en iyi \u015fekilde ve en k\u0131sa s\u00fcre i\u00e7inde bitirilmesi i\u00e7in kullanmaktad\u0131r.<br \/>\nM\u00fcvekkilleriyle ili\u015fkisindeki en \u00f6nemli unsurun \u2018g\u00fcven\u2019oldu\u011fu bilinciyle hareket eden Hukuk B\u00fcromuz, uyu\u015fmazl\u0131klar\u0131ara\u015ft\u0131r\u0131p inceleyerek ak\u0131lc\u0131ve s\u00fcratli \u00e7\u00f6z\u00fcmler sunmaktad\u0131r.[\/vc_column_text][\/vc_column][\/vc_row]<\/p>\n<\/div><!-- AddThis Advanced Settings generic via filter on the_content --><!-- AddThis Share Buttons generic via filter on the_content -->","protected":false},"excerpt":{"rendered":"<p>[vc_row type=&#8221;grid&#8221; video_bg=&#8221;&#8221; is_fss_bg=&#8221;no&#8221; css=&#8221;.vc_custom_1474302620138{padding-top: 50px !important;padding-bottom: 50px !important;}&#8221;][vc_column width=&#8221;2\/3&#8243; dp_animation=&#8221;&#8221; offset=&#8221;vc_col-lg-offset-2 vc_col-md-offset-2 vc_col-sm-offset-2&#8243; css=&#8221;.vc_custom_1467129760290{padding-right: 30px !important;padding-left: 30px !important;}&#8221;][vc_column_text dp_animation=&#8221;&#8221;]Hukuk Partner b\u00fct\u00fcnsellik ilkesi dahilinde bir hukuk b\u00fcrosunda yap\u0131lan b\u00fct\u00fcn i\u015flemleri ger\u00e7ekle\u015ftirebilmeniz i\u00e7in gerekli b\u00fct\u00fcn fonksiyonlar\u0131&#8230;<\/p>\n<p><a class=\"readon\" href=\"https:\/\/lawconcept.eu\/tr\/hakkimizda\/\"><span>read more<\/span><\/a><\/p>\n<p><!-- AddThis Advanced Settings generic via filter on get_the_excerpt --><!-- AddThis Share Buttons generic via filter on get_the_excerpt --><\/p>\n","protected":false},"author":3,"featured_media":0,"parent":0,"menu_order":0,"comment_status":"open","ping_status":"closed","template":"template.fullwidth.vc.php","meta":{"footnotes":""},"class_list":["post-8123","page","type-page","status-publish","hentry"],"yoast_head":"<!-- This site is optimized with the Yoast SEO plugin v27.4 - https:\/\/yoast.com\/product\/yoast-seo-wordpress\/ -->\n<title>HAKKIMIZDA - Law Concept<\/title>\n<meta name=\"robots\" content=\"index, follow, max-snippet:-1, max-image-preview:large, max-video-preview:-1\" \/>\n<link rel=\"canonical\" href=\"https:\/\/lawconcept.eu\/tr\/hakkimizda\/\" \/>\n<meta property=\"og:locale\" content=\"tr_TR\" \/>\n<meta property=\"og:type\" content=\"article\" \/>\n<meta property=\"og:title\" content=\"HAKKIMIZDA - Law Concept\" \/>\n<meta property=\"og:description\" content=\"[vc_row type=&#8221;grid&#8221; video_bg=&#8221;&#8221; is_fss_bg=&#8221;no&#8221; css=&#8221;.vc_custom_1474302620138{padding-top: 50px !important;padding-bottom: 50px !important;}&#8221;][vc_column width=&#8221;2\/3&#8243; dp_animation=&#8221;&#8221; offset=&#8221;vc_col-lg-offset-2 vc_col-md-offset-2 vc_col-sm-offset-2&#8243; css=&#8221;.vc_custom_1467129760290{padding-right: 30px !important;padding-left: 30px !important;}&#8221;][vc_column_text dp_animation=&#8221;&#8221;]Hukuk Partner b\u00fct\u00fcnsellik ilkesi dahilinde bir hukuk b\u00fcrosunda yap\u0131lan b\u00fct\u00fcn i\u015flemleri ger\u00e7ekle\u015ftirebilmeniz i\u00e7in gerekli b\u00fct\u00fcn fonksiyonlar\u0131...read more\" \/>\n<meta property=\"og:url\" content=\"https:\/\/lawconcept.eu\/tr\/hakkimizda\/\" \/>\n<meta property=\"og:site_name\" content=\"Law Concept\" \/>\n<meta property=\"article:modified_time\" content=\"2017-05-15T10:25:58+00:00\" \/>\n<meta name=\"twitter:card\" content=\"summary_large_image\" \/>\n<meta name=\"twitter:label1\" content=\"Tahmini okuma s\u00fcresi\" \/>\n\t<meta name=\"twitter:data1\" content=\"2 dakika\" \/>\n<script type=\"application\/ld+json\" class=\"yoast-schema-graph\">{\"@context\":\"https:\\\/\\\/schema.org\",\"@graph\":[{\"@type\":\"WebPage\",\"@id\":\"https:\\\/\\\/lawconcept.eu\\\/tr\\\/hakkimizda\\\/\",\"url\":\"https:\\\/\\\/lawconcept.eu\\\/tr\\\/hakkimizda\\\/\",\"name\":\"HAKKIMIZDA - Law Concept\",\"isPartOf\":{\"@id\":\"https:\\\/\\\/lawconcept.eu\\\/#website\"},\"datePublished\":\"2017-05-15T10:16:30+00:00\",\"dateModified\":\"2017-05-15T10:25:58+00:00\",\"breadcrumb\":{\"@id\":\"https:\\\/\\\/lawconcept.eu\\\/tr\\\/hakkimizda\\\/#breadcrumb\"},\"inLanguage\":\"tr\",\"potentialAction\":[{\"@type\":\"ReadAction\",\"target\":[\"https:\\\/\\\/lawconcept.eu\\\/tr\\\/hakkimizda\\\/\"]}]},{\"@type\":\"BreadcrumbList\",\"@id\":\"https:\\\/\\\/lawconcept.eu\\\/tr\\\/hakkimizda\\\/#breadcrumb\",\"itemListElement\":[{\"@type\":\"ListItem\",\"position\":1,\"name\":\"Home\",\"item\":\"https:\\\/\\\/lawconcept.eu\\\/tr\\\/\"},{\"@type\":\"ListItem\",\"position\":2,\"name\":\"HAKKIMIZDA\"}]},{\"@type\":\"WebSite\",\"@id\":\"https:\\\/\\\/lawconcept.eu\\\/#website\",\"url\":\"https:\\\/\\\/lawconcept.eu\\\/\",\"name\":\"Law Concept\",\"description\":\"\",\"potentialAction\":[{\"@type\":\"SearchAction\",\"target\":{\"@type\":\"EntryPoint\",\"urlTemplate\":\"https:\\\/\\\/lawconcept.eu\\\/?s={search_term_string}\"},\"query-input\":{\"@type\":\"PropertyValueSpecification\",\"valueRequired\":true,\"valueName\":\"search_term_string\"}}],\"inLanguage\":\"tr\"}]}<\/script>\n<!-- \/ Yoast SEO plugin. -->","yoast_head_json":{"title":"HAKKIMIZDA - Law Concept","robots":{"index":"index","follow":"follow","max-snippet":"max-snippet:-1","max-image-preview":"max-image-preview:large","max-video-preview":"max-video-preview:-1"},"canonical":"https:\/\/lawconcept.eu\/tr\/hakkimizda\/","og_locale":"tr_TR","og_type":"article","og_title":"HAKKIMIZDA - Law Concept","og_description":"[vc_row type=&#8221;grid&#8221; video_bg=&#8221;&#8221; is_fss_bg=&#8221;no&#8221; css=&#8221;.vc_custom_1474302620138{padding-top: 50px !important;padding-bottom: 50px !important;}&#8221;][vc_column width=&#8221;2\/3&#8243; dp_animation=&#8221;&#8221; offset=&#8221;vc_col-lg-offset-2 vc_col-md-offset-2 vc_col-sm-offset-2&#8243; css=&#8221;.vc_custom_1467129760290{padding-right: 30px !important;padding-left: 30px !important;}&#8221;][vc_column_text dp_animation=&#8221;&#8221;]Hukuk Partner b\u00fct\u00fcnsellik ilkesi dahilinde bir hukuk b\u00fcrosunda yap\u0131lan b\u00fct\u00fcn i\u015flemleri ger\u00e7ekle\u015ftirebilmeniz i\u00e7in gerekli b\u00fct\u00fcn fonksiyonlar\u0131...read more","og_url":"https:\/\/lawconcept.eu\/tr\/hakkimizda\/","og_site_name":"Law Concept","article_modified_time":"2017-05-15T10:25:58+00:00","twitter_card":"summary_large_image","twitter_misc":{"Tahmini okuma s\u00fcresi":"2 dakika"},"schema":{"@context":"https:\/\/schema.org","@graph":[{"@type":"WebPage","@id":"https:\/\/lawconcept.eu\/tr\/hakkimizda\/","url":"https:\/\/lawconcept.eu\/tr\/hakkimizda\/","name":"HAKKIMIZDA - Law Concept","isPartOf":{"@id":"https:\/\/lawconcept.eu\/#website"},"datePublished":"2017-05-15T10:16:30+00:00","dateModified":"2017-05-15T10:25:58+00:00","breadcrumb":{"@id":"https:\/\/lawconcept.eu\/tr\/hakkimizda\/#breadcrumb"},"inLanguage":"tr","potentialAction":[{"@type":"ReadAction","target":["https:\/\/lawconcept.eu\/tr\/hakkimizda\/"]}]},{"@type":"BreadcrumbList","@id":"https:\/\/lawconcept.eu\/tr\/hakkimizda\/#breadcrumb","itemListElement":[{"@type":"ListItem","position":1,"name":"Home","item":"https:\/\/lawconcept.eu\/tr\/"},{"@type":"ListItem","position":2,"name":"HAKKIMIZDA"}]},{"@type":"WebSite","@id":"https:\/\/lawconcept.eu\/#website","url":"https:\/\/lawconcept.eu\/","name":"Law Concept","description":"","potentialAction":[{"@type":"SearchAction","target":{"@type":"EntryPoint","urlTemplate":"https:\/\/lawconcept.eu\/?s={search_term_string}"},"query-input":{"@type":"PropertyValueSpecification","valueRequired":true,"valueName":"search_term_string"}}],"inLanguage":"tr"}]}},"_links":{"self":[{"href":"https:\/\/lawconcept.eu\/tr\/wp-json\/wp\/v2\/pages\/8123","targetHints":{"allow":["GET"]}}],"collection":[{"href":"https:\/\/lawconcept.eu\/tr\/wp-json\/wp\/v2\/pages"}],"about":[{"href":"https:\/\/lawconcept.eu\/tr\/wp-json\/wp\/v2\/types\/page"}],"author":[{"embeddable":true,"href":"https:\/\/lawconcept.eu\/tr\/wp-json\/wp\/v2\/users\/3"}],"replies":[{"embeddable":true,"href":"https:\/\/lawconcept.eu\/tr\/wp-json\/wp\/v2\/comments?post=8123"}],"version-history":[{"count":3,"href":"https:\/\/lawconcept.eu\/tr\/wp-json\/wp\/v2\/pages\/8123\/revisions"}],"predecessor-version":[{"id":8130,"href":"https:\/\/lawconcept.eu\/tr\/wp-json\/wp\/v2\/pages\/8123\/revisions\/8130"}],"wp:attachment":[{"href":"https:\/\/lawconcept.eu\/tr\/wp-json\/wp\/v2\/media?parent=8123"}],"curies":[{"name":"wp","href":"https:\/\/api.w.org\/{rel}","templated":true}]}}