{"id":8024,"date":"2017-04-18T12:21:12","date_gmt":"2017-04-18T09:21:12","guid":{"rendered":"https:\/\/lawconcept.eu\/?page_id=8024\/"},"modified":"2017-04-18T14:35:47","modified_gmt":"2017-04-18T11:35:47","slug":"chi-siamo","status":"publish","type":"page","link":"https:\/\/lawconcept.eu\/it\/chi-siamo\/","title":{"rendered":"Chi Siamo"},"content":{"rendered":"<div class=\"wpb-content-wrapper\"><p>[vc_row type=&#8221;grid&#8221; video_bg=&#8221;&#8221; is_fss_bg=&#8221;no&#8221; css=&#8221;.vc_custom_1474302620138{padding-top: 50px !important;padding-bottom: 50px !important;}&#8221;][vc_column width=&#8221;2\/3&#8243; dp_animation=&#8221;&#8221; offset=&#8221;vc_col-lg-offset-2 vc_col-md-offset-2 vc_col-sm-offset-2&#8243; css=&#8221;.vc_custom_1467129760290{padding-right: 30px !important;padding-left: 30px !important;}&#8221;][vc_column_text dp_animation=&#8221;&#8221;]<\/p>\n<p align=\"JUSTIFY\">Lo studio <span style=\"color: #0090d3;\"><strong>Law Concept<\/strong><\/span>, offre servizi di qualit\u00e0 che si basano sulla professionalit\u00e0, esperienza e specializzazione. \u00a0Grazie ai professionisti interni, avvocati con grande esperienza, lo Studio \u00e8 in grado ormai di garantire un\u2019assistenza legale di elevata qualit\u00e0. Il nostro traguardo \u00e8 quello di offrire servizi tenendo sempre in considerazione le particolarit\u00e0 e le esigenze di ogni cliente. Focalizziamo la nostra attenzione sulla discrezione e l\u2019efficacia con l\u2019intento di offrire la migliore assistenza e consulenza legale con un approccio volto alla risoluzione concreta dei problemi<span style=\"color: #0090d3;\">.<\/span><\/p>\n<p>Al fine di fornire ai propri clienti una consulenza completa nello spirito dello studio\u00a0\u201c<span style=\"color: #0090d3;\"><strong>one-stop-shop<\/strong><\/span>\u201d collaboriamo con professionisti ed esperti in vari settori come per esempio notari ed agenti immobiliari<span style=\"color: #0090d3;\">.<\/span><\/p>\n<p>[\/vc_column_text][\/vc_column][\/vc_row]<\/p>\n<\/div><!-- AddThis Advanced Settings generic via filter on the_content --><!-- AddThis Share Buttons generic via filter on the_content -->","protected":false},"excerpt":{"rendered":"<p>[vc_row type=&#8221;grid&#8221; video_bg=&#8221;&#8221; is_fss_bg=&#8221;no&#8221; css=&#8221;.vc_custom_1474302620138{padding-top: 50px !important;padding-bottom: 50px !important;}&#8221;][vc_column width=&#8221;2\/3&#8243; dp_animation=&#8221;&#8221; offset=&#8221;vc_col-lg-offset-2 vc_col-md-offset-2 vc_col-sm-offset-2&#8243; css=&#8221;.vc_custom_1467129760290{padding-right: 30px !important;padding-left: 30px !important;}&#8221;][vc_column_text dp_animation=&#8221;&#8221;] Lo studio Law Concept, offre servizi di qualit\u00e0 che si basano sulla professionalit\u00e0, esperienza e&#8230;<\/p>\n<p><a class=\"readon\" href=\"https:\/\/lawconcept.eu\/it\/chi-siamo\/\"><span>read more<\/span><\/a><\/p>\n<p><!-- AddThis Advanced Settings generic via filter on get_the_excerpt --><!-- AddThis Share Buttons generic via filter on get_the_excerpt --><\/p>\n","protected":false},"author":1,"featured_media":0,"parent":0,"menu_order":0,"comment_status":"open","ping_status":"closed","template":"template.fullwidth.vc.php","meta":{"footnotes":""},"class_list":["post-8024","page","type-page","status-publish","hentry"],"yoast_head":"<!-- This site is optimized with the Yoast SEO plugin v27.4 - https:\/\/yoast.com\/product\/yoast-seo-wordpress\/ -->\n<title>Chi Siamo - Law Concept<\/title>\n<meta name=\"robots\" content=\"index, follow, max-snippet:-1, max-image-preview:large, max-video-preview:-1\" \/>\n<link rel=\"canonical\" href=\"https:\/\/lawconcept.eu\/it\/chi-siamo\/\" \/>\n<meta property=\"og:locale\" content=\"it_IT\" \/>\n<meta property=\"og:type\" content=\"article\" \/>\n<meta property=\"og:title\" content=\"Chi Siamo - Law Concept\" \/>\n<meta property=\"og:description\" content=\"[vc_row type=&#8221;grid&#8221; video_bg=&#8221;&#8221; is_fss_bg=&#8221;no&#8221; css=&#8221;.vc_custom_1474302620138{padding-top: 50px !important;padding-bottom: 50px !important;}&#8221;][vc_column width=&#8221;2\/3&#8243; dp_animation=&#8221;&#8221; offset=&#8221;vc_col-lg-offset-2 vc_col-md-offset-2 vc_col-sm-offset-2&#8243; css=&#8221;.vc_custom_1467129760290{padding-right: 30px !important;padding-left: 30px !important;}&#8221;][vc_column_text dp_animation=&#8221;&#8221;] Lo studio Law Concept, offre servizi di qualit\u00e0 che si basano sulla professionalit\u00e0, esperienza e...read more\" \/>\n<meta property=\"og:url\" content=\"https:\/\/lawconcept.eu\/it\/chi-siamo\/\" \/>\n<meta property=\"og:site_name\" content=\"Law Concept\" \/>\n<meta property=\"article:modified_time\" content=\"2017-04-18T11:35:47+00:00\" \/>\n<meta name=\"twitter:card\" content=\"summary_large_image\" \/>\n<meta name=\"twitter:label1\" content=\"Tempo di lettura stimato\" \/>\n\t<meta name=\"twitter:data1\" content=\"1 minuto\" \/>\n<script type=\"application\/ld+json\" class=\"yoast-schema-graph\">{\"@context\":\"https:\\\/\\\/schema.org\",\"@graph\":[{\"@type\":\"WebPage\",\"@id\":\"https:\\\/\\\/lawconcept.eu\\\/it\\\/chi-siamo\\\/\",\"url\":\"https:\\\/\\\/lawconcept.eu\\\/it\\\/chi-siamo\\\/\",\"name\":\"Chi Siamo - Law Concept\",\"isPartOf\":{\"@id\":\"https:\\\/\\\/lawconcept.eu\\\/#website\"},\"datePublished\":\"2017-04-18T09:21:12+00:00\",\"dateModified\":\"2017-04-18T11:35:47+00:00\",\"breadcrumb\":{\"@id\":\"https:\\\/\\\/lawconcept.eu\\\/it\\\/chi-siamo\\\/#breadcrumb\"},\"inLanguage\":\"it-IT\",\"potentialAction\":[{\"@type\":\"ReadAction\",\"target\":[\"https:\\\/\\\/lawconcept.eu\\\/it\\\/chi-siamo\\\/\"]}]},{\"@type\":\"BreadcrumbList\",\"@id\":\"https:\\\/\\\/lawconcept.eu\\\/it\\\/chi-siamo\\\/#breadcrumb\",\"itemListElement\":[{\"@type\":\"ListItem\",\"position\":1,\"name\":\"Home\",\"item\":\"https:\\\/\\\/lawconcept.eu\\\/\"},{\"@type\":\"ListItem\",\"position\":2,\"name\":\"Chi Siamo\"}]},{\"@type\":\"WebSite\",\"@id\":\"https:\\\/\\\/lawconcept.eu\\\/#website\",\"url\":\"https:\\\/\\\/lawconcept.eu\\\/\",\"name\":\"Law Concept\",\"description\":\"\",\"potentialAction\":[{\"@type\":\"SearchAction\",\"target\":{\"@type\":\"EntryPoint\",\"urlTemplate\":\"https:\\\/\\\/lawconcept.eu\\\/?s={search_term_string}\"},\"query-input\":{\"@type\":\"PropertyValueSpecification\",\"valueRequired\":true,\"valueName\":\"search_term_string\"}}],\"inLanguage\":\"it-IT\"}]}<\/script>\n<!-- \/ Yoast SEO plugin. -->","yoast_head_json":{"title":"Chi Siamo - Law Concept","robots":{"index":"index","follow":"follow","max-snippet":"max-snippet:-1","max-image-preview":"max-image-preview:large","max-video-preview":"max-video-preview:-1"},"canonical":"https:\/\/lawconcept.eu\/it\/chi-siamo\/","og_locale":"it_IT","og_type":"article","og_title":"Chi Siamo - Law Concept","og_description":"[vc_row type=&#8221;grid&#8221; video_bg=&#8221;&#8221; is_fss_bg=&#8221;no&#8221; css=&#8221;.vc_custom_1474302620138{padding-top: 50px !important;padding-bottom: 50px !important;}&#8221;][vc_column width=&#8221;2\/3&#8243; dp_animation=&#8221;&#8221; offset=&#8221;vc_col-lg-offset-2 vc_col-md-offset-2 vc_col-sm-offset-2&#8243; css=&#8221;.vc_custom_1467129760290{padding-right: 30px !important;padding-left: 30px !important;}&#8221;][vc_column_text dp_animation=&#8221;&#8221;] Lo studio Law Concept, offre servizi di qualit\u00e0 che si basano sulla professionalit\u00e0, esperienza e...read more","og_url":"https:\/\/lawconcept.eu\/it\/chi-siamo\/","og_site_name":"Law Concept","article_modified_time":"2017-04-18T11:35:47+00:00","twitter_card":"summary_large_image","twitter_misc":{"Tempo di lettura stimato":"1 minuto"},"schema":{"@context":"https:\/\/schema.org","@graph":[{"@type":"WebPage","@id":"https:\/\/lawconcept.eu\/it\/chi-siamo\/","url":"https:\/\/lawconcept.eu\/it\/chi-siamo\/","name":"Chi Siamo - Law Concept","isPartOf":{"@id":"https:\/\/lawconcept.eu\/#website"},"datePublished":"2017-04-18T09:21:12+00:00","dateModified":"2017-04-18T11:35:47+00:00","breadcrumb":{"@id":"https:\/\/lawconcept.eu\/it\/chi-siamo\/#breadcrumb"},"inLanguage":"it-IT","potentialAction":[{"@type":"ReadAction","target":["https:\/\/lawconcept.eu\/it\/chi-siamo\/"]}]},{"@type":"BreadcrumbList","@id":"https:\/\/lawconcept.eu\/it\/chi-siamo\/#breadcrumb","itemListElement":[{"@type":"ListItem","position":1,"name":"Home","item":"https:\/\/lawconcept.eu\/"},{"@type":"ListItem","position":2,"name":"Chi Siamo"}]},{"@type":"WebSite","@id":"https:\/\/lawconcept.eu\/#website","url":"https:\/\/lawconcept.eu\/","name":"Law Concept","description":"","potentialAction":[{"@type":"SearchAction","target":{"@type":"EntryPoint","urlTemplate":"https:\/\/lawconcept.eu\/?s={search_term_string}"},"query-input":{"@type":"PropertyValueSpecification","valueRequired":true,"valueName":"search_term_string"}}],"inLanguage":"it-IT"}]}},"_links":{"self":[{"href":"https:\/\/lawconcept.eu\/it\/wp-json\/wp\/v2\/pages\/8024","targetHints":{"allow":["GET"]}}],"collection":[{"href":"https:\/\/lawconcept.eu\/it\/wp-json\/wp\/v2\/pages"}],"about":[{"href":"https:\/\/lawconcept.eu\/it\/wp-json\/wp\/v2\/types\/page"}],"author":[{"embeddable":true,"href":"https:\/\/lawconcept.eu\/it\/wp-json\/wp\/v2\/users\/1"}],"replies":[{"embeddable":true,"href":"https:\/\/lawconcept.eu\/it\/wp-json\/wp\/v2\/comments?post=8024"}],"version-history":[{"count":2,"href":"https:\/\/lawconcept.eu\/it\/wp-json\/wp\/v2\/pages\/8024\/revisions"}],"predecessor-version":[{"id":8032,"href":"https:\/\/lawconcept.eu\/it\/wp-json\/wp\/v2\/pages\/8024\/revisions\/8032"}],"wp:attachment":[{"href":"https:\/\/lawconcept.eu\/it\/wp-json\/wp\/v2\/media?parent=8024"}],"curies":[{"name":"wp","href":"https:\/\/api.w.org\/{rel}","templated":true}]}}