{"id":7921,"date":"2017-04-06T13:44:30","date_gmt":"2017-04-06T10:44:30","guid":{"rendered":"https:\/\/lawconcept.eu\/?page_id=7921\/"},"modified":"2017-09-13T17:58:47","modified_gmt":"2017-09-13T14:58:47","slug":"archiki-selida","status":"publish","type":"page","link":"https:\/\/lawconcept.eu\/fr\/","title":{"rendered":"Page d&rsquo;accueil"},"content":{"rendered":"<div class=\"wpb-content-wrapper\"><p>[vc_row type=\u00a0\u00bbgrid\u00a0\u00bb video_bg=\u00a0\u00bb\u00a0\u00bb is_fss_bg=\u00a0\u00bbno\u00a0\u00bb css=\u00a0\u00bb.vc_custom_1480086369993{background-position: center !important;background-repeat: no-repeat !important;background-size: cover !important;}\u00a0\u00bb][vc_column dp_animation=\u00a0\u00bb\u00a0\u00bb][rev_slider_vc alias=\u00a0\u00bbhome-page-fr\u00a0\u00bb][\/vc_column][\/vc_row][vc_row type=\u00a0\u00bbgrid\u00a0\u00bb video_bg=\u00a0\u00bb\u00a0\u00bb is_fss_bg=\u00a0\u00bbno\u00a0\u00bb css=\u00a0\u00bb.vc_custom_1480086377174{padding-top: 70px !important;padding-bottom: 70px !important;background-color: #ffffff !important;}\u00a0\u00bb el_id=\u00a0\u00bbhome-grid-services-anchor\u00a0\u00bb][vc_column dp_animation=\u00a0\u00bb\u00a0\u00bb offset=\u00a0\u00bbvc_col-xs-12&Prime;]<div class=\"headline big  headline-align-center subtitle-size-small\"><h3><span><\/p>\n<section id=\"home_ipiresies\">Nos Services<span style=\"font-weight: normal;\"><span style=\"font-weight: normal;\"><\/span><\/h3><\/div>[vc_column_text dp_animation=\u00a0\u00bb\u00a0\u00bb css=\u00a0\u00bb.vc_custom_1492504476960{margin-bottom: 30px !important;}\u00a0\u00bb]<\/span><\/span><\/p>\n<p style=\"text-align: center;\">Au c\u0153ur de notre philosophie se trouve<br \/>\nla volont\u00e9 de satisfaire les besoins de nos clients de la meilleure fa\u00e7on possible,<br \/>\nen leur offrant l&rsquo;int\u00e9gralit\u00e9 de services juridiques, toujours en s&rsquo;appuyant<br \/>\nsur la perspicacit\u00e9 scientifique, mais aussi sur la richesse de l&rsquo;imagination<span style=\"color: #0090d3;\">.<\/span><\/p>\n<p>[\/vc_column_text][vc_row_inner el_class=\u00a0\u00bbhome-grid-services\u00a0\u00bb][vc_column_inner el_class=\u00a0\u00bbhome_column1&Prime; width=\u00a0\u00bb1\/6&Prime;]<a href=\"https:\/\/lawconcept.eu\/fr\/services\/#tab-5623fafa-8fb4-1\"><div id= \"el_69e3f5a8bffe7\" class=\"featured-box centered no-hover-black no-border\"  data-animated =\"fadeInRight\"><style scoped>#el_69e3f5a8bffe7 i {color:#2e382e;} #el_69e3f5a8bffe7:hover i {color:#2e382e;} <\/style><div class=\"icon-center\"><i class=\"Default-compress\"><\/i><\/div><div class=\"featured-desc-center\" style=\"color:#2e382e\"><h3 style=\"color:#2e382e\">M\u00c9DIATION \/ N\u00c9GOCIATIONS<\/h3><\/div><\/div><\/a><\/p>\n<div class=\"border_space\"><\/div>\n<p><a href=\"https:\/\/lawconcept.eu\/fr\/services\/#tab-1472658829280-9-0\"><div id= \"el_69e3f5a8c0041\" class=\"featured-box centered no-hover-black no-border\"  data-animated =\"fadeInRight\"><style scoped>#el_69e3f5a8c0041 i {color:#2e382e;} #el_69e3f5a8c0041:hover i {color:#2e382e;} <\/style><div class=\"icon-center\"><i class=\"Default-pig\"><\/i><\/div><div class=\"featured-desc-center\" style=\"color:#2e382e\"><h3 style=\"color:#2e382e\">DROIT DE LA FAILLITE \/ DROIT DE L\u2019INSOLVABILIT\u00c9<\/h3><\/div><\/div><\/a><a href=\"https:\/\/lawconcept.eu\/fr\/services\/#tab-228add87-8cc2-0\">[\/vc_column_inner][vc_column_inner el_class=\u00a0\u00bbhome_column2&Prime; width=\u00a0\u00bb1\/6&Prime;]<div id= \"el_69e3f5a8c0070\" class=\"featured-box centered no-hover-red no-border\"  data-animated =\"fadeInRight\"><style scoped>#el_69e3f5a8c0070 i {color:#dd2e37;} #el_69e3f5a8c0070:hover i {color:#dd2e37;} <\/style><div class=\"icon-center\"><i class=\"Default-rocket\"><\/i><\/div><div class=\"featured-desc-center\" style=\"color:#dd2e37\"><h3 style=\"color:#dd2e37\">NOUVELLES FORMES DE SOCI\u00c9T\u00c9<\/h3><\/div><\/div><div id= \"el_69e3f5a8c0097\" class=\"featured-box centered no-hover-red no-border\"  data-animated =\"fadeInLeft\"><style scoped>#el_69e3f5a8c0097 i {color:#dd2e37;} #el_69e3f5a8c0097:hover i {color:#dd2e37;} <\/style><div class=\"icon-center\"><i class=\"Default-laptop\"><\/i><\/div><div class=\"featured-desc-center\" style=\"color:#dd2e37\"><h3 style=\"color:#dd2e37\">TECHNOLOGIE D\u2019INFORMATION (IT) \u2013 DROIT DE L\u2019INTERNET<\/h3><\/div><\/div>[\/vc_column_inner][vc_column_inner el_class=\u00a0\u00bbhome_column3&Prime; width=\u00a0\u00bb1\/6&Prime;]<\/a><a href=\"https:\/\/lawconcept.eu\/fr\/services\/#tab-1472658822141-2-1\"><div id= \"el_69e3f5a8c00bc\" class=\"featured-box centered no-hover-blue icon3 no-border\"  data-animated =\"fadeInLeft\"><style scoped>#el_69e3f5a8c00bc i {color:#0090d3;} #el_69e3f5a8c00bc:hover i {color:#0090d3;} <\/style><div class=\"icon-center\"><i class=\"Default-globe\"><\/i><\/div><div class=\"featured-desc-center\" style=\"color:#0090d3\"><h3 style=\"color:#0090d3\">DIASPORA \/ \u00c9TRANGERS<\/h3><\/div><\/div><\/a><\/p>\n<div class=\"border_space\"><\/div>\n<p><a href=\"https:\/\/lawconcept.eu\/fr\/services\/#tab-1472658828460-8-2\"><div id= \"el_69e3f5a8c00e0\" class=\"featured-box centered no-hover-blue no-border\"  data-animated =\"fadeInRight\"><style scoped>#el_69e3f5a8c00e0 i {color:#0090d3;} #el_69e3f5a8c00e0:hover i {color:#0090d3;} <\/style><div class=\"icon-center\"><i class=\"Default-institution\"><\/i><\/div><div class=\"featured-desc-center\" style=\"color:#0090d3\"><h3 style=\"color:#0090d3\">DROIT FISCAL \/ P\u00c9NAL<\/h3><\/div><\/div><\/a>[\/vc_column_inner][vc_column_inner el_class=\u00a0\u00bbhome_column4&Prime; width=\u00a0\u00bb1\/6&Prime;]<a href=\"https:\/\/lawconcept.eu\/fr\/services\/#tab-1472658824591-3-2\"><div id= \"el_69e3f5a8c010b\" class=\"featured-box centered no-hover-black no-border\"  data-animated =\"fadeInLeft\"><style scoped>#el_69e3f5a8c010b i {color:#2e382e;} #el_69e3f5a8c010b:hover i {color:#2e382e;} <\/style><div class=\"icon-center\"><i class=\"Default-home\"><\/i><\/div><div class=\"featured-desc-center\" style=\"color:#2e382e\"><h3 style=\"color:#2e382e\">DROIT CIVIL<\/h3><\/div><\/div><\/a><\/p>\n<div class=\"border_space\"><\/div>\n<p><a href=\"https:\/\/lawconcept.eu\/fr\/services\/#tab-1472658827000-6-2\"><div id= \"el_69e3f5a8c0131\" class=\"featured-box centered no-hover-black no-border\"  data-animated =\"fadeInRight\"><style scoped>#el_69e3f5a8c0131 i {color:#2e382e;} #el_69e3f5a8c0131:hover i {color:#2e382e;} <\/style><div class=\"icon-center\"><i class=\"Default-star\"><\/i><\/div><div class=\"featured-desc-center\" style=\"color:#2e382e\"><h3 style=\"color:#2e382e\">MODE, ART &amp; MUSIQUE<\/h3><\/div><\/div><\/a>[\/vc_column_inner][vc_column_inner el_class=\u00a0\u00bbhome_column5&Prime; width=\u00a0\u00bb1\/6&Prime;]<a href=\"https:\/\/lawconcept.eu\/fr\/services\/#tab-1472658825430-4-8\"><div id= \"el_69e3f5a8c0153\" class=\"featured-box centered no-hover-red no-border\"  data-animated =\"fadeInRight\"><style scoped>#el_69e3f5a8c0153 i {color:#dd2e37;} #el_69e3f5a8c0153:hover i {color:#dd2e37;} <\/style><div class=\"icon-center\"><i class=\"Default-cart2\"><\/i><\/div><div class=\"featured-desc-center\" style=\"color:#dd2e37\"><h3 style=\"color:#dd2e37\">PROTECTION DES CONSOMMATEURS<\/h3><\/div><\/div><\/a><\/p>\n<div class=\"border_space\"><\/div>\n<p><a href=\"https:\/\/lawconcept.eu\/fr\/services\/#tab-1472658830042-10-3\"><div id= \"el_69e3f5a8c0174\" class=\"featured-box centered no-hover-red no-border\"  data-animated =\"fadeInLeft\"><style scoped>#el_69e3f5a8c0174 i {color:#dd2e37;} #el_69e3f5a8c0174:hover i {color:#dd2e37;} <\/style><div class=\"icon-center\"><i class=\"Default-user5\"><\/i><\/div><div class=\"featured-desc-center\" style=\"color:#dd2e37\"><h3 style=\"color:#dd2e37\">CONFLITS DU TRAVAIL<\/h3><\/div><\/div><\/a>[\/vc_column_inner][vc_column_inner el_class=\u00a0\u00bbhome_column6&Prime; width=\u00a0\u00bb1\/6&Prime;]<a href=\"https:\/\/lawconcept.eu\/fr\/services\/#tab-1472658826170-5-0\"><div id= \"el_69e3f5a8c0196\" class=\"featured-box centered no-hover-blue no-border\"  data-animated =\"fadeInLeft\"><style scoped>#el_69e3f5a8c0196 i {color:#0090d3;} #el_69e3f5a8c0196:hover i {color:#0090d3;} <\/style><div class=\"icon-center\"><i class=\"Default-shop\"><\/i><\/div><div class=\"featured-desc-center\" style=\"color:#0090d3\"><h3 style=\"color:#0090d3\">DROIT COMMERCIAL<\/h3><\/div><\/div><\/a><\/p>\n<div class=\"border_space\"><\/div>\n<p>[\/vc_column_inner][\/vc_row_inner]<p class=\"center\"><a id=\"button-714844199\" href=\"https:\/\/lawconcept.eu\/fr\/services\/\" target=\"_self\" class=\"button_sc medium\" ><span> Lire la suite \u00e0 propos de nos services<\/span><\/a><style scoped><\/style><\/p>[\/vc_column][\/vc_row][vc_row type=\u00a0\u00bbgrid\u00a0\u00bb video_bg=\u00a0\u00bb\u00a0\u00bb is_fss_bg=\u00a0\u00bbno\u00a0\u00bb css=\u00a0\u00bb.vc_custom_1479916869607{padding-top: 70px !important;padding-bottom: 70px !important;background-color: #0090d3 !important;}\u00a0\u00bb][vc_column dp_animation=\u00a0\u00bb\u00a0\u00bb]<div class=\"headline big  headline-align-center subtitle-size-small\"><h3><span style=\"color:#ffffff\">News<\/span><br\/><span class=\"subtitle\" style=\"color:#ffffff\">Actualit\u00e9s importantes de notre bureau<\/span><\/h3><\/div>[vc_basic_grid post_type=\u00a0\u00bbpost\u00a0\u00bb max_items=\u00a0\u00bb6&Prime; element_width=\u00a0\u00bb2&Prime; item=\u00a0\u00bb7479&Prime; grid_id=\u00a0\u00bbvc_gid:1505306266804-1b88bcc9-c1bb-0&Prime; taxonomies=\u00a0\u00bb8&Prime;][\/vc_column][\/vc_row][vc_row type=\u00a0\u00bbgrid\u00a0\u00bb video_bg=\u00a0\u00bb\u00a0\u00bb is_fss_bg=\u00a0\u00bbno\u00a0\u00bb css=\u00a0\u00bb.vc_custom_1472742827351{padding-top: 70px !important;padding-bottom: 70px !important;}\u00a0\u00bb][vc_column width=\u00a0\u00bb1\/2&Prime; dp_animation=\u00a0\u00bb\u00a0\u00bb]<div class=\"headline big  headline-align-left subtitle-size-small\"><h3><span><span class=\"accent-color-1\">Law Concept<\/span><\/span><br\/><span class=\"subtitle\">Quelques mots sur nous<\/span><\/h3><\/div>[vc_column_text dp_animation=\u00a0\u00bb\u00a0\u00bb]L&rsquo;id\u00e9e du \u201cguichet unique\u201d (one-stop-shop) consiste dans notre capacit\u00e9 d&rsquo;offrir les services int\u00e8gres et exhaustifs en mati\u00e8re de la justice, la fiscalit\u00e9, la gestion et l&rsquo;administration.[\/vc_column_text]<div style=\"height:15px; width:100%;clear:both\"><\/div><a id=\"button-483652664\" href=\"https:\/\/lawconcept.eu\/fr\/qui-somees-nous\/\" target=\"_self\" class=\"button_sc medium\" ><span> Lire la suite \u00e0 propos de nous<\/span><\/a><style scoped><\/style>[\/vc_column][vc_column width=\u00a0\u00bb1\/2&Prime; dp_animation=\u00a0\u00bb\u00a0\u00bb offset=\u00a0\u00bbvc_hidden-xs\u00a0\u00bb][vc_single_image image=\u00a0\u00bb7166&Prime; img_size=\u00a0\u00bb331&#215;248&Prime; alignment=\u00a0\u00bbcenter\u00a0\u00bb style=\u00a0\u00bbvc_box_rounded\u00a0\u00bb dp_animation=\u00a0\u00bb\u00a0\u00bb][\/vc_column][\/vc_row][vc_row type=\u00a0\u00bbgrid\u00a0\u00bb video_bg=\u00a0\u00bb\u00a0\u00bb is_fss_bg=\u00a0\u00bbno\u00a0\u00bb css=\u00a0\u00bb.vc_custom_1479917169545{padding-top: 70px !important;padding-bottom: 70px !important;background-color: #f2cc34 !important;}\u00a0\u00bb][vc_column dp_animation=\u00a0\u00bb\u00a0\u00bb]<div class=\"headline big  headline-align-center subtitle-size-small\"><h3><span style=\"color:#ffffff\">F.A.Mus project<\/span><br\/><span class=\"subtitle\" style=\"color:#ffffff\">Mode, Art &amp; Musique<\/span><\/h3><\/div>[vc_column_text dp_animation=\u00a0\u00bb\u00a0\u00bb css=\u00a0\u00bb.vc_custom_1492505535747{margin-bottom: 30px !important;}\u00a0\u00bb]<\/p>\n<p style=\"text-align: center;\"><span style=\"color: #ffffff;\">Apprenez les derni\u00e8res infos juridiques concernant la mode, la gastronomie, les arts et la musique<strong>!<\/strong><\/span><\/p>\n<p>[\/vc_column_text][vc_basic_grid post_type=\u00a0\u00bbpost\u00a0\u00bb max_items=\u00a0\u00bb6&Prime; element_width=\u00a0\u00bb2&Prime; item=\u00a0\u00bb7479&Prime; grid_id=\u00a0\u00bbvc_gid:1505306266831-c51b821e-b811-8&Prime; taxonomies=\u00a0\u00bb48&Prime;][\/vc_column][\/vc_row][vc_row type=\u00a0\u00bbfull_width\u00a0\u00bb video_bg=\u00a0\u00bb\u00a0\u00bb is_fss_bg=\u00a0\u00bbno\u00a0\u00bb css=\u00a0\u00bb.vc_custom_1472742402890{margin-right: 10% !important;margin-left: 10% !important;padding-top: 70px !important;padding-bottom: 70px !important;}\u00a0\u00bb][vc_column width=\u00a0\u00bb1\/4&Prime; dp_animation=\u00a0\u00bb\u00a0\u00bb]<div class=\"headline heading-line   \"><h3><span>Donn\u00e9es de contact<\/span><\/h3><\/div>[vc_raw_html]JTNDdGFibGUlMjB3aWR0aCUzRCUyMjEwMCUyNSUyMiUyMGJvcmRlciUzRCUyMjAlMjIlMjBjZWxsc3BhY2luZyUzRCUyMjAlMjIlMjBjZWxscGFkZGluZyUzRCUyMjAlMjIlM0UlMEElM0N0Ym9keSUzRSUwQSUzQ3RyJTNFJTBBJTNDdGQlMjB3aWR0aCUzRCUyMjIycHglMjIlM0UlM0NpJTIwY2xhc3MlM0QlMjJEZWZhdWx0LWhvbWUyJTIyJTNFJTNDJTJGaSUzRSUzQyUyRnRkJTNFJTBBJTNDdGQlM0UxOSUyQyUyMEx5a2F2aXR0b3UlMjAlMjYlMjBTa291ZmElMjBTdHIlM0MlMkZ0ZCUzRSUwQSUzQyUyRnRyJTNFJTBBJTNDdHIlM0UlMEElM0N0ZCUzRSUzQyUyRnRkJTNFJTBBJTNDdGQlM0UxMDY3MiUyMEF0aCVDMyVBOG5lcyUzQyUyRnRkJTNFJTBBJTNDJTJGdHIlM0UlMEElM0N0ciUzRSUwQSUzQ3RkJTNFJTNDaSUyMGNsYXNzJTNEJTIyRGVmYXVsdC1waG9uZSUyMiUzRSUzQyUyRmklM0UlM0MlMkZ0ZCUzRSUwQSUzQ3RkJTNFJTNDYSUyMGhyZWYlM0QlMjJjYWxsdG8lM0ElMkYlMkYlMkIzMCUyMDIxMCUyMDM2MjQ1MjQlMjIlM0UlMkIzMCUyMDIxMCUyMDM2MjQ1MjQlM0MlMkZhJTNFJTNDJTJGdGQlM0UlMEElM0MlMkZ0ciUzRSUwQSUzQ3RyJTNFJTBBJTNDdGQlM0UlM0NpJTIwY2xhc3MlM0QlMjJEZWZhdWx0LWZheCUyMiUzRSUzQyUyRmklM0UlM0MlMkZ0ZCUzRSUwQSUzQ3RkJTNFJTJCMzAlMjAyMTAlMjAzNjI0NTM0JTNDJTJGdGQlM0UlMEElM0MlMkZ0ciUzRSUwQSUzQ3RyJTNFJTBBJTNDdGQlM0UlM0NpJTIwY2xhc3MlM0QlMjJEZWZhdWx0LWVudmVsb3BlMyUyMiUzRSUzQyUyRmklM0UlM0MlMkZ0ZCUzRSUwQSUzQ3RkJTNFJTNDYSUyMGhyZWYlM0QlMjJtYWlsdG8lM0Fjb250YWN0JTQwbGF3Y29uY2VwdC5ldSUyMiUzRWNvbnRhY3QlNDBsYXdjb25jZXB0LmV1JTNDJTJGYSUzRSUzQyUyRnRkJTNFJTBBJTNDJTJGdHIlM0UlMEElM0N0ciUzRSUwQSUzQ3RkJTNFJTNDaSUyMGNsYXNzJTNEJTIyRGVmYXVsdC1jbG9jayUyMiUzRSUzQyUyRmklM0UlM0MlMkZ0ZCUzRSUwQSUzQ3RkJTNFTHVuZGklMjAtJTIwVmVuZHJlZGklMjAwOS4wMCUyMC0lMjAxOC4wMCUzQyUyRnRkJTNFJTBBJTNDJTJGdHIlM0UlMEElM0MlMkZ0Ym9keSUzRSUwQSUzQyUyRnRhYmxlJTNF[\/vc_raw_html][vc_separator color=\u00a0\u00bbwhite\u00a0\u00bb css=\u00a0\u00bb.vc_custom_1473201867384{margin-bottom: 15px !important;}\u00a0\u00bb]<ul id=\"el_69e3f5a8c024b\" class=\"social-icons  \"><li><a class=\"facebook\" href=\"https:\/\/www.facebook.com\/lawconcept.eu\/\"  target=\"_blank\"><\/a><\/li><li><a class=\"linkedin\" href=\"https:\/\/www.linkedin.com\/company\/law-concept\"  target=\"_blank\"><\/a><\/li><li><a class=\"twitter\" href=\"https:\/\/twitter.com\/LawConcept_eu\"  target=\"_blank\"><\/a><\/li><\/ul><div class=\"clearboth\"><\/div>[\/vc_column][vc_column width=\u00a0\u00bb3\/4&Prime; dp_animation=\u00a0\u00bb\u00a0\u00bb][vc_gmaps link=\u00a0\u00bb#E-8_JTNDaWZyYW1lJTIwc3JjJTNEJTIyaHR0cHMlM0ElMkYlMkZ3d3cuZ29vZ2xlLmNvbSUyRm1hcHMlMkZlbWJlZCUzRnBiJTNEJTIxMW0xOCUyMTFtMTIlMjExbTMlMjExZDUyODkuMjEzNDc2NjYwNzM5JTIxMmQyMy43MzU4NTQxMTY2Mzc5MTclMjEzZDM3Ljk3NzQ3NTg4MDU2NzE5JTIxMm0zJTIxMWYwJTIxMmYwJTIxM2YwJTIxM20yJTIxMWkxMDI0JTIxMmk3NjglMjE0ZjEzLjElMjEzbTMlMjExbTIlMjExczB4MTRhMWJkMzg2OTYwNjJmMSUyNTNBMHhiYWRlYjFiYzMwY2I1YzFkJTIxMnp6cHZQaGM2NnpySE9zczYzejRUUGhNNl96NDBnTVRrc0lNNlJ6cmpPcnM2OXpyRWdNVEEySURjeSUyMTVlMCUyMTNtMiUyMTFzZWwlMjEyc2dyJTIxNHYxNDY3MTkyMTkwNDA0JTIyJTIwd2lkdGglM0QlMjI0MDAlMjIlMjBoZWlnaHQlM0QlMjIzMDAlMjIlMjBmcmFtZWJvcmRlciUzRCUyMjAlMjIlMjBzdHlsZSUzRCUyMmJvcmRlciUzQTAlMjIlMjBhbGxvd2Z1bGxzY3JlZW4lM0UlM0MlMkZpZnJhbWUlM0U=\u00a0\u00bb][\/vc_column][\/vc_row][vc_row type=\u00a0\u00bbgrid\u00a0\u00bb video_bg=\u00a0\u00bb\u00a0\u00bb is_fss_bg=\u00a0\u00bbno\u00a0\u00bb][vc_column dp_animation=\u00a0\u00bb\u00a0\u00bb][vc_column_text dp_animation=\u00a0\u00bb\u00a0\u00bb]<\/p>\n<\/section>\n<p>[\/vc_column_text][\/vc_column][\/vc_row]<\/p>\n<\/div><!-- AddThis Advanced Settings generic via filter on the_content --><!-- AddThis Share Buttons generic via filter on the_content -->","protected":false},"excerpt":{"rendered":"<p>[vc_row type=\u00a0\u00bbgrid\u00a0\u00bb video_bg=\u00a0\u00bb\u00a0\u00bb is_fss_bg=\u00a0\u00bbno\u00a0\u00bb css=\u00a0\u00bb.vc_custom_1480086369993{background-position: center !important;background-repeat: no-repeat !important;background-size: cover !important;}\u00a0\u00bb][vc_column dp_animation=\u00a0\u00bb\u00a0\u00bb][rev_slider_vc alias=\u00a0\u00bbhome-page-fr\u00a0\u00bb][\/vc_column][\/vc_row][vc_row type=\u00a0\u00bbgrid\u00a0\u00bb video_bg=\u00a0\u00bb\u00a0\u00bb is_fss_bg=\u00a0\u00bbno\u00a0\u00bb css=\u00a0\u00bb.vc_custom_1480086377174{padding-top: 70px !important;padding-bottom: 70px !important;background-color: #ffffff !important;}\u00a0\u00bb el_id=\u00a0\u00bbhome-grid-services-anchor\u00a0\u00bb][vc_column dp_animation=\u00a0\u00bb\u00a0\u00bb offset=\u00a0\u00bbvc_col-xs-12&Prime;][vc_column_text dp_animation=\u00a0\u00bb\u00a0\u00bb css=\u00a0\u00bb.vc_custom_1492504476960{margin-bottom: 30px !important;}\u00a0\u00bb] Au c\u0153ur de notre philosophie&#8230;<\/p>\n<p><a class=\"readon\" href=\"https:\/\/lawconcept.eu\/fr\/\"><span>read more<\/span><\/a><\/p>\n<p><!-- AddThis Advanced Settings generic via filter on get_the_excerpt --><!-- AddThis Share Buttons generic via filter on get_the_excerpt --><\/p>\n","protected":false},"author":3,"featured_media":0,"parent":0,"menu_order":0,"comment_status":"open","ping_status":"open","template":"template.fullwidth.vc.php","meta":{"footnotes":""},"class_list":["post-7921","page","type-page","status-publish","hentry"],"yoast_head":"<!-- This site is optimized with the Yoast SEO plugin v27.4 - https:\/\/yoast.com\/product\/yoast-seo-wordpress\/ -->\n<title>Page d&#039;accueil - Law Concept<\/title>\n<meta name=\"robots\" content=\"index, follow, max-snippet:-1, max-image-preview:large, max-video-preview:-1\" \/>\n<link rel=\"canonical\" href=\"https:\/\/lawconcept.eu\/fr\/\" \/>\n<meta property=\"og:locale\" content=\"fr_FR\" \/>\n<meta property=\"og:type\" content=\"article\" \/>\n<meta property=\"og:title\" content=\"Page d&#039;accueil - Law Concept\" \/>\n<meta property=\"og:description\" content=\"[vc_row type=\u00a0\u00bbgrid\u00a0\u00bb video_bg=\u00a0\u00bb\u00a0\u00bb is_fss_bg=\u00a0\u00bbno\u00a0\u00bb css=\u00a0\u00bb.vc_custom_1480086369993{background-position: center !important;background-repeat: no-repeat !important;background-size: cover !important;}\u00a0\u00bb][vc_column dp_animation=\u00a0\u00bb\u00a0\u00bb][rev_slider_vc alias=\u00a0\u00bbhome-page-fr\u00a0\u00bb][\/vc_column][\/vc_row][vc_row type=\u00a0\u00bbgrid\u00a0\u00bb video_bg=\u00a0\u00bb\u00a0\u00bb is_fss_bg=\u00a0\u00bbno\u00a0\u00bb css=\u00a0\u00bb.vc_custom_1480086377174{padding-top: 70px !important;padding-bottom: 70px !important;background-color: #ffffff !important;}\u00a0\u00bb el_id=\u00a0\u00bbhome-grid-services-anchor\u00a0\u00bb][vc_column dp_animation=\u00a0\u00bb\u00a0\u00bb offset=\u00a0\u00bbvc_col-xs-12&Prime;][vc_column_text dp_animation=\u00a0\u00bb\u00a0\u00bb css=\u00a0\u00bb.vc_custom_1492504476960{margin-bottom: 30px !important;}\u00a0\u00bb] Au c\u0153ur de notre philosophie...read more\" \/>\n<meta property=\"og:url\" content=\"https:\/\/lawconcept.eu\/fr\/\" \/>\n<meta property=\"og:site_name\" content=\"Law Concept\" \/>\n<meta property=\"article:modified_time\" content=\"2017-09-13T14:58:47+00:00\" \/>\n<meta name=\"twitter:card\" content=\"summary_large_image\" \/>\n<meta name=\"twitter:label1\" content=\"Dur\u00e9e de lecture estim\u00e9e\" \/>\n\t<meta name=\"twitter:data1\" content=\"6 minutes\" \/>\n<script type=\"application\/ld+json\" class=\"yoast-schema-graph\">{\"@context\":\"https:\\\/\\\/schema.org\",\"@graph\":[{\"@type\":\"WebPage\",\"@id\":\"https:\\\/\\\/lawconcept.eu\\\/fr\\\/\",\"url\":\"https:\\\/\\\/lawconcept.eu\\\/fr\\\/\",\"name\":\"Page d'accueil - Law Concept\",\"isPartOf\":{\"@id\":\"https:\\\/\\\/lawconcept.eu\\\/#website\"},\"datePublished\":\"2017-04-06T10:44:30+00:00\",\"dateModified\":\"2017-09-13T14:58:47+00:00\",\"breadcrumb\":{\"@id\":\"https:\\\/\\\/lawconcept.eu\\\/fr\\\/#breadcrumb\"},\"inLanguage\":\"fr-FR\",\"potentialAction\":[{\"@type\":\"ReadAction\",\"target\":[\"https:\\\/\\\/lawconcept.eu\\\/fr\\\/\"]}]},{\"@type\":\"BreadcrumbList\",\"@id\":\"https:\\\/\\\/lawconcept.eu\\\/fr\\\/#breadcrumb\",\"itemListElement\":[{\"@type\":\"ListItem\",\"position\":1,\"name\":\"Home\",\"item\":\"https:\\\/\\\/lawconcept.eu\\\/fr\\\/\"},{\"@type\":\"ListItem\",\"position\":2,\"name\":\"Page d&rsquo;accueil\"}]},{\"@type\":\"WebSite\",\"@id\":\"https:\\\/\\\/lawconcept.eu\\\/#website\",\"url\":\"https:\\\/\\\/lawconcept.eu\\\/\",\"name\":\"Law Concept\",\"description\":\"\",\"potentialAction\":[{\"@type\":\"SearchAction\",\"target\":{\"@type\":\"EntryPoint\",\"urlTemplate\":\"https:\\\/\\\/lawconcept.eu\\\/?s={search_term_string}\"},\"query-input\":{\"@type\":\"PropertyValueSpecification\",\"valueRequired\":true,\"valueName\":\"search_term_string\"}}],\"inLanguage\":\"fr-FR\"}]}<\/script>\n<!-- \/ Yoast SEO plugin. -->","yoast_head_json":{"title":"Page d'accueil - Law Concept","robots":{"index":"index","follow":"follow","max-snippet":"max-snippet:-1","max-image-preview":"max-image-preview:large","max-video-preview":"max-video-preview:-1"},"canonical":"https:\/\/lawconcept.eu\/fr\/","og_locale":"fr_FR","og_type":"article","og_title":"Page d'accueil - Law Concept","og_description":"[vc_row type=\u00a0\u00bbgrid\u00a0\u00bb video_bg=\u00a0\u00bb\u00a0\u00bb is_fss_bg=\u00a0\u00bbno\u00a0\u00bb css=\u00a0\u00bb.vc_custom_1480086369993{background-position: center !important;background-repeat: no-repeat !important;background-size: cover !important;}\u00a0\u00bb][vc_column dp_animation=\u00a0\u00bb\u00a0\u00bb][rev_slider_vc alias=\u00a0\u00bbhome-page-fr\u00a0\u00bb][\/vc_column][\/vc_row][vc_row type=\u00a0\u00bbgrid\u00a0\u00bb video_bg=\u00a0\u00bb\u00a0\u00bb is_fss_bg=\u00a0\u00bbno\u00a0\u00bb css=\u00a0\u00bb.vc_custom_1480086377174{padding-top: 70px !important;padding-bottom: 70px !important;background-color: #ffffff !important;}\u00a0\u00bb el_id=\u00a0\u00bbhome-grid-services-anchor\u00a0\u00bb][vc_column dp_animation=\u00a0\u00bb\u00a0\u00bb offset=\u00a0\u00bbvc_col-xs-12&Prime;][vc_column_text dp_animation=\u00a0\u00bb\u00a0\u00bb css=\u00a0\u00bb.vc_custom_1492504476960{margin-bottom: 30px !important;}\u00a0\u00bb] Au c\u0153ur de notre philosophie...read more","og_url":"https:\/\/lawconcept.eu\/fr\/","og_site_name":"Law Concept","article_modified_time":"2017-09-13T14:58:47+00:00","twitter_card":"summary_large_image","twitter_misc":{"Dur\u00e9e de lecture estim\u00e9e":"6 minutes"},"schema":{"@context":"https:\/\/schema.org","@graph":[{"@type":"WebPage","@id":"https:\/\/lawconcept.eu\/fr\/","url":"https:\/\/lawconcept.eu\/fr\/","name":"Page d'accueil - Law Concept","isPartOf":{"@id":"https:\/\/lawconcept.eu\/#website"},"datePublished":"2017-04-06T10:44:30+00:00","dateModified":"2017-09-13T14:58:47+00:00","breadcrumb":{"@id":"https:\/\/lawconcept.eu\/fr\/#breadcrumb"},"inLanguage":"fr-FR","potentialAction":[{"@type":"ReadAction","target":["https:\/\/lawconcept.eu\/fr\/"]}]},{"@type":"BreadcrumbList","@id":"https:\/\/lawconcept.eu\/fr\/#breadcrumb","itemListElement":[{"@type":"ListItem","position":1,"name":"Home","item":"https:\/\/lawconcept.eu\/fr\/"},{"@type":"ListItem","position":2,"name":"Page d&rsquo;accueil"}]},{"@type":"WebSite","@id":"https:\/\/lawconcept.eu\/#website","url":"https:\/\/lawconcept.eu\/","name":"Law Concept","description":"","potentialAction":[{"@type":"SearchAction","target":{"@type":"EntryPoint","urlTemplate":"https:\/\/lawconcept.eu\/?s={search_term_string}"},"query-input":{"@type":"PropertyValueSpecification","valueRequired":true,"valueName":"search_term_string"}}],"inLanguage":"fr-FR"}]}},"_links":{"self":[{"href":"https:\/\/lawconcept.eu\/fr\/wp-json\/wp\/v2\/pages\/7921","targetHints":{"allow":["GET"]}}],"collection":[{"href":"https:\/\/lawconcept.eu\/fr\/wp-json\/wp\/v2\/pages"}],"about":[{"href":"https:\/\/lawconcept.eu\/fr\/wp-json\/wp\/v2\/types\/page"}],"author":[{"embeddable":true,"href":"https:\/\/lawconcept.eu\/fr\/wp-json\/wp\/v2\/users\/3"}],"replies":[{"embeddable":true,"href":"https:\/\/lawconcept.eu\/fr\/wp-json\/wp\/v2\/comments?post=7921"}],"version-history":[{"count":5,"href":"https:\/\/lawconcept.eu\/fr\/wp-json\/wp\/v2\/pages\/7921\/revisions"}],"predecessor-version":[{"id":8178,"href":"https:\/\/lawconcept.eu\/fr\/wp-json\/wp\/v2\/pages\/7921\/revisions\/8178"}],"wp:attachment":[{"href":"https:\/\/lawconcept.eu\/fr\/wp-json\/wp\/v2\/media?parent=7921"}],"curies":[{"name":"wp","href":"https:\/\/api.w.org\/{rel}","templated":true}]}}