{"id":7868,"date":"2017-04-05T11:39:52","date_gmt":"2017-04-05T08:39:52","guid":{"rendered":"https:\/\/lawconcept.eu\/?page_id=7868\/"},"modified":"2017-04-05T14:34:14","modified_gmt":"2017-04-05T11:34:14","slug":"qui-somees-nous","status":"publish","type":"page","link":"https:\/\/lawconcept.eu\/fr\/qui-somees-nous\/","title":{"rendered":"Qui somees-nous"},"content":{"rendered":"<div class=\"wpb-content-wrapper\"><p>[vc_row type=\u00a0\u00bbgrid\u00a0\u00bb video_bg=\u00a0\u00bb\u00a0\u00bb is_fss_bg=\u00a0\u00bbno\u00a0\u00bb css=\u00a0\u00bb.vc_custom_1474302620138{padding-top: 50px !important;padding-bottom: 50px !important;}\u00a0\u00bb][vc_column width=\u00a0\u00bb2\/3&Prime; dp_animation=\u00a0\u00bb\u00a0\u00bb offset=\u00a0\u00bbvc_col-lg-offset-2 vc_col-md-offset-2 vc_col-sm-offset-2&Prime; css=\u00a0\u00bb.vc_custom_1467129760290{padding-right: 30px !important;padding-left: 30px !important;}\u00a0\u00bb][vc_column_text dp_animation=\u00a0\u00bb\u00a0\u00bb]<\/p>\n<p style=\"text-align: justify;\">Chez\u00a0<strong><span style=\"color: #0090d3;\">Law Concept<\/span> <span style=\"font-weight: 400;\">nous avons cr\u00e9\u00e9 un bureau d&rsquo;avocats moderne qui conjugue l&rsquo;exp\u00e9rience, la qualification et le professionnalisme afin de pouvoir offrir \u00e0 <\/span><b>vous<\/b><span style=\"font-weight: 400;\">, nos clients grecs et internationaux, les meilleurs services juridiques possibles, couvrant tout le spectre de nos champs de sp\u00e9cialisation, notamment: droit fiscal et droit des investissements, droit des soci\u00e9t\u00e9s et droit des affaires, droit priv\u00e9 international, droit civil, droit de la nationalit\u00e9 et droit de la migration, droit de la propri\u00e9t\u00e9 intellectuelle et industrielle, gestion de patrimoine familial, repr\u00e9sentation en justice, m\u00e9diation et n\u00e9gociations<span style=\"color: #0090d3;\">.<\/span><\/span><\/strong><\/p>\n<p style=\"text-align: justify;\"><span style=\"font-weight: normal;\">Le concept du <strong><span style=\"color: #0090d3;\">\u201cguichet unique\u201d<\/span><\/strong> consiste dans notre capacit\u00e9 d&rsquo;offrir les services int\u00e8gres et exhaustifs dans les affaires juridiques et fiscales, en mati\u00e8re de gestion et d&rsquo;administration, \u00e0 travers un r\u00e9seau mondial de nos collaborateurs: avocats, experts ind\u00e9pendants et conseillers dans les domaines divers, notamment, par exemple, les notaires et les courtiers<span style=\"color: #0090d3;\">.<\/span><\/span><\/p>\n<p style=\"text-align: justify;\">Disposant d&rsquo;un <strong><span style=\"color: #0090d3;\">groupe d&rsquo;avocats<\/span> <\/strong>sp\u00e9cialis\u00e9s dans les secteurs diff\u00e9rents, nous sommes constamment au courant des actualit\u00e9s les plus r\u00e9centes et adaptons nos conseils en fonction des demandes individuelles de chacun de nos clients. Nous cherchons toujours \u00e0 d\u00e9velopper les relations de longue dur\u00e9e avec notre client\u00e8le, bas\u00e9es sur la confiance r\u00e9ciproque, sur la compr\u00e9hension en profondeur de leurs besoins et sur l&rsquo;approche perspicace de chaque affaire en particulier<span style=\"color: #0090d3;\">.<\/span><\/p>\n<p>[\/vc_column_text][\/vc_column][\/vc_row]<\/p>\n<\/div><!-- AddThis Advanced Settings generic via filter on the_content --><!-- AddThis Share Buttons generic via filter on the_content -->","protected":false},"excerpt":{"rendered":"<p>[vc_row type=\u00a0\u00bbgrid\u00a0\u00bb video_bg=\u00a0\u00bb\u00a0\u00bb is_fss_bg=\u00a0\u00bbno\u00a0\u00bb css=\u00a0\u00bb.vc_custom_1474302620138{padding-top: 50px !important;padding-bottom: 50px !important;}\u00a0\u00bb][vc_column width=\u00a0\u00bb2\/3&Prime; dp_animation=\u00a0\u00bb\u00a0\u00bb offset=\u00a0\u00bbvc_col-lg-offset-2 vc_col-md-offset-2 vc_col-sm-offset-2&Prime; css=\u00a0\u00bb.vc_custom_1467129760290{padding-right: 30px !important;padding-left: 30px !important;}\u00a0\u00bb][vc_column_text dp_animation=\u00a0\u00bb\u00a0\u00bb] Chez\u00a0Law Concept nous avons cr\u00e9\u00e9 un bureau d&rsquo;avocats moderne qui conjugue l&rsquo;exp\u00e9rience, la qualification et&#8230;<\/p>\n<p><a class=\"readon\" href=\"https:\/\/lawconcept.eu\/fr\/qui-somees-nous\/\"><span>read more<\/span><\/a><\/p>\n<p><!-- AddThis Advanced Settings generic via filter on get_the_excerpt --><!-- AddThis Share Buttons generic via filter on get_the_excerpt --><\/p>\n","protected":false},"author":3,"featured_media":0,"parent":0,"menu_order":0,"comment_status":"open","ping_status":"closed","template":"template.fullwidth.vc.php","meta":{"footnotes":""},"class_list":["post-7868","page","type-page","status-publish","hentry"],"yoast_head":"<!-- This site is optimized with the Yoast SEO plugin v27.3 - https:\/\/yoast.com\/product\/yoast-seo-wordpress\/ -->\n<title>Qui somees-nous - Law Concept<\/title>\n<meta name=\"robots\" content=\"index, follow, max-snippet:-1, max-image-preview:large, max-video-preview:-1\" \/>\n<link rel=\"canonical\" href=\"https:\/\/lawconcept.eu\/fr\/qui-somees-nous\/\" \/>\n<meta property=\"og:locale\" content=\"fr_FR\" \/>\n<meta property=\"og:type\" content=\"article\" \/>\n<meta property=\"og:title\" content=\"Qui somees-nous - Law Concept\" \/>\n<meta property=\"og:description\" content=\"[vc_row type=\u00a0\u00bbgrid\u00a0\u00bb video_bg=\u00a0\u00bb\u00a0\u00bb is_fss_bg=\u00a0\u00bbno\u00a0\u00bb css=\u00a0\u00bb.vc_custom_1474302620138{padding-top: 50px !important;padding-bottom: 50px !important;}\u00a0\u00bb][vc_column width=\u00a0\u00bb2\/3&Prime; dp_animation=\u00a0\u00bb\u00a0\u00bb offset=\u00a0\u00bbvc_col-lg-offset-2 vc_col-md-offset-2 vc_col-sm-offset-2&Prime; css=\u00a0\u00bb.vc_custom_1467129760290{padding-right: 30px !important;padding-left: 30px !important;}\u00a0\u00bb][vc_column_text dp_animation=\u00a0\u00bb\u00a0\u00bb] Chez\u00a0Law Concept nous avons cr\u00e9\u00e9 un bureau d&rsquo;avocats moderne qui conjugue l&rsquo;exp\u00e9rience, la qualification et...read more\" \/>\n<meta property=\"og:url\" content=\"https:\/\/lawconcept.eu\/fr\/qui-somees-nous\/\" \/>\n<meta property=\"og:site_name\" content=\"Law Concept\" \/>\n<meta property=\"article:modified_time\" content=\"2017-04-05T11:34:14+00:00\" \/>\n<meta name=\"twitter:card\" content=\"summary_large_image\" \/>\n<meta name=\"twitter:label1\" content=\"Dur\u00e9e de lecture estim\u00e9e\" \/>\n\t<meta name=\"twitter:data1\" content=\"1 minute\" \/>\n<script type=\"application\/ld+json\" class=\"yoast-schema-graph\">{\"@context\":\"https:\\\/\\\/schema.org\",\"@graph\":[{\"@type\":\"WebPage\",\"@id\":\"https:\\\/\\\/lawconcept.eu\\\/fr\\\/qui-somees-nous\\\/\",\"url\":\"https:\\\/\\\/lawconcept.eu\\\/fr\\\/qui-somees-nous\\\/\",\"name\":\"Qui somees-nous - Law Concept\",\"isPartOf\":{\"@id\":\"https:\\\/\\\/lawconcept.eu\\\/#website\"},\"datePublished\":\"2017-04-05T08:39:52+00:00\",\"dateModified\":\"2017-04-05T11:34:14+00:00\",\"breadcrumb\":{\"@id\":\"https:\\\/\\\/lawconcept.eu\\\/fr\\\/qui-somees-nous\\\/#breadcrumb\"},\"inLanguage\":\"fr-FR\",\"potentialAction\":[{\"@type\":\"ReadAction\",\"target\":[\"https:\\\/\\\/lawconcept.eu\\\/fr\\\/qui-somees-nous\\\/\"]}]},{\"@type\":\"BreadcrumbList\",\"@id\":\"https:\\\/\\\/lawconcept.eu\\\/fr\\\/qui-somees-nous\\\/#breadcrumb\",\"itemListElement\":[{\"@type\":\"ListItem\",\"position\":1,\"name\":\"Home\",\"item\":\"https:\\\/\\\/lawconcept.eu\\\/fr\\\/\"},{\"@type\":\"ListItem\",\"position\":2,\"name\":\"Qui somees-nous\"}]},{\"@type\":\"WebSite\",\"@id\":\"https:\\\/\\\/lawconcept.eu\\\/#website\",\"url\":\"https:\\\/\\\/lawconcept.eu\\\/\",\"name\":\"Law Concept\",\"description\":\"\",\"potentialAction\":[{\"@type\":\"SearchAction\",\"target\":{\"@type\":\"EntryPoint\",\"urlTemplate\":\"https:\\\/\\\/lawconcept.eu\\\/?s={search_term_string}\"},\"query-input\":{\"@type\":\"PropertyValueSpecification\",\"valueRequired\":true,\"valueName\":\"search_term_string\"}}],\"inLanguage\":\"fr-FR\"}]}<\/script>\n<!-- \/ Yoast SEO plugin. -->","yoast_head_json":{"title":"Qui somees-nous - Law Concept","robots":{"index":"index","follow":"follow","max-snippet":"max-snippet:-1","max-image-preview":"max-image-preview:large","max-video-preview":"max-video-preview:-1"},"canonical":"https:\/\/lawconcept.eu\/fr\/qui-somees-nous\/","og_locale":"fr_FR","og_type":"article","og_title":"Qui somees-nous - Law Concept","og_description":"[vc_row type=\u00a0\u00bbgrid\u00a0\u00bb video_bg=\u00a0\u00bb\u00a0\u00bb is_fss_bg=\u00a0\u00bbno\u00a0\u00bb css=\u00a0\u00bb.vc_custom_1474302620138{padding-top: 50px !important;padding-bottom: 50px !important;}\u00a0\u00bb][vc_column width=\u00a0\u00bb2\/3&Prime; dp_animation=\u00a0\u00bb\u00a0\u00bb offset=\u00a0\u00bbvc_col-lg-offset-2 vc_col-md-offset-2 vc_col-sm-offset-2&Prime; css=\u00a0\u00bb.vc_custom_1467129760290{padding-right: 30px !important;padding-left: 30px !important;}\u00a0\u00bb][vc_column_text dp_animation=\u00a0\u00bb\u00a0\u00bb] Chez\u00a0Law Concept nous avons cr\u00e9\u00e9 un bureau d&rsquo;avocats moderne qui conjugue l&rsquo;exp\u00e9rience, la qualification et...read more","og_url":"https:\/\/lawconcept.eu\/fr\/qui-somees-nous\/","og_site_name":"Law Concept","article_modified_time":"2017-04-05T11:34:14+00:00","twitter_card":"summary_large_image","twitter_misc":{"Dur\u00e9e de lecture estim\u00e9e":"1 minute"},"schema":{"@context":"https:\/\/schema.org","@graph":[{"@type":"WebPage","@id":"https:\/\/lawconcept.eu\/fr\/qui-somees-nous\/","url":"https:\/\/lawconcept.eu\/fr\/qui-somees-nous\/","name":"Qui somees-nous - Law Concept","isPartOf":{"@id":"https:\/\/lawconcept.eu\/#website"},"datePublished":"2017-04-05T08:39:52+00:00","dateModified":"2017-04-05T11:34:14+00:00","breadcrumb":{"@id":"https:\/\/lawconcept.eu\/fr\/qui-somees-nous\/#breadcrumb"},"inLanguage":"fr-FR","potentialAction":[{"@type":"ReadAction","target":["https:\/\/lawconcept.eu\/fr\/qui-somees-nous\/"]}]},{"@type":"BreadcrumbList","@id":"https:\/\/lawconcept.eu\/fr\/qui-somees-nous\/#breadcrumb","itemListElement":[{"@type":"ListItem","position":1,"name":"Home","item":"https:\/\/lawconcept.eu\/fr\/"},{"@type":"ListItem","position":2,"name":"Qui somees-nous"}]},{"@type":"WebSite","@id":"https:\/\/lawconcept.eu\/#website","url":"https:\/\/lawconcept.eu\/","name":"Law Concept","description":"","potentialAction":[{"@type":"SearchAction","target":{"@type":"EntryPoint","urlTemplate":"https:\/\/lawconcept.eu\/?s={search_term_string}"},"query-input":{"@type":"PropertyValueSpecification","valueRequired":true,"valueName":"search_term_string"}}],"inLanguage":"fr-FR"}]}},"_links":{"self":[{"href":"https:\/\/lawconcept.eu\/fr\/wp-json\/wp\/v2\/pages\/7868","targetHints":{"allow":["GET"]}}],"collection":[{"href":"https:\/\/lawconcept.eu\/fr\/wp-json\/wp\/v2\/pages"}],"about":[{"href":"https:\/\/lawconcept.eu\/fr\/wp-json\/wp\/v2\/types\/page"}],"author":[{"embeddable":true,"href":"https:\/\/lawconcept.eu\/fr\/wp-json\/wp\/v2\/users\/3"}],"replies":[{"embeddable":true,"href":"https:\/\/lawconcept.eu\/fr\/wp-json\/wp\/v2\/comments?post=7868"}],"version-history":[{"count":2,"href":"https:\/\/lawconcept.eu\/fr\/wp-json\/wp\/v2\/pages\/7868\/revisions"}],"predecessor-version":[{"id":7871,"href":"https:\/\/lawconcept.eu\/fr\/wp-json\/wp\/v2\/pages\/7868\/revisions\/7871"}],"wp:attachment":[{"href":"https:\/\/lawconcept.eu\/fr\/wp-json\/wp\/v2\/media?parent=7868"}],"curies":[{"name":"wp","href":"https:\/\/api.w.org\/{rel}","templated":true}]}}