{"id":7859,"date":"2017-04-04T22:05:36","date_gmt":"2017-04-04T19:05:36","guid":{"rendered":"https:\/\/lawconcept.eu\/?page_id=7859\/"},"modified":"2017-04-05T14:34:04","modified_gmt":"2017-04-05T11:34:04","slug":"wir","status":"publish","type":"page","link":"https:\/\/lawconcept.eu\/de\/wir\/","title":{"rendered":"Wir"},"content":{"rendered":"<div class=\"wpb-content-wrapper\"><p>[vc_row type=&#8220;grid&#8220; video_bg=&#8220;&#8220; is_fss_bg=&#8220;no&#8220; css=&#8220;.vc_custom_1474302620138{padding-top: 50px !important;padding-bottom: 50px !important;}&#8220;][vc_column width=&#8220;2\/3&#8243; dp_animation=&#8220;&#8220; offset=&#8220;vc_col-lg-offset-2 vc_col-md-offset-2 vc_col-sm-offset-2&#8243; css=&#8220;.vc_custom_1467129760290{padding-right: 30px !important;padding-left: 30px !important;}&#8220;][vc_column_text dp_animation=&#8220;&#8220;]<\/p>\n<p style=\"text-align: justify;\">Wir im <strong><span style=\"color: #0090d3;\">Law Concept<\/span><\/strong> haben eine den heutigen Anspr\u00fcchen gerecht werdende Anwaltskanzlei gegr\u00fcndet, die Erfahrung, Fachkenntnisse und Professionalit\u00e4t verbindet, um Ihnen, unseren inl\u00e4ndischen und ausl\u00e4ndischen Mandanten, die bestm\u00f6glichen Rechtsdienstleistungen im gesamten Spektrum unseres Fachbereiches zu bieten, und im Besonderen im Steuerrecht &amp; Investitionsrecht, im Gesellschaftsrecht &amp; Handelsrecht, im Internationalen Privatrecht, im Zivilrecht, im Staatsangeh\u00f6rigkeitsrecht &amp; Einwanderungsrecht, im Urheberrecht, im Gewerblichen Eigentumsrecht, bei der Verwaltung von Familienverm\u00f6gen, bei der gerichtlichen Vertretung, bei Mediationen &amp; Verhandlungen<strong><span style=\"color: #0090d3;\">.<\/span><\/strong><\/p>\n<p style=\"text-align: justify;\">Das \u201c<span style=\"color: #0090d3;\"><strong>one-stop-shop<\/strong><\/span>\u201d Prinzip gew\u00e4hrleistet mittels eines weltweiten Netzes kooperierender Anw\u00e4lte, unabh\u00e4ngiger Sachverst\u00e4ndiger und Berater, wie z.B. Notare und Makler, dass wir in der Lage sind, einheitliche Dienstleistungen in rechtlichen und steuerrechtlichen Sachen, in Gesch\u00e4ftsf\u00fchrungs- und Verwaltungsfragen, zu bieten<strong><span style=\"color: #0090d3;\">.<\/span><\/strong><\/p>\n<p style=\"text-align: justify;\">Mittels einer <span style=\"color: #0090d3;\"><strong>Gruppe von Fachanw\u00e4lten<\/strong><\/span>, die auf verschiedenen Bereichen spezialisiert sind, sind wir stets am Laufenden \u00fcber die neuesten Entwicklungen und k\u00f6nnen so unsere Beratung auf jeden einzelnen unserer Mandanten ausrichten. Uns liegt immer daran, langj\u00e4hrige, auf gegenseitiges Vertrauen beruhende Beziehungen mit unseren Mandanten aufzubauen, tiefes Verst\u00e4ndnis f\u00fcr deren Bed\u00fcrfnisse aufzubringen und bei jedem einzelnen Fall mit Scharfsinn vorzugehen<span style=\"color: #0090d3;\">.<\/span><\/p>\n<p>[\/vc_column_text][\/vc_column][\/vc_row]<\/p>\n<\/div><!-- AddThis Advanced Settings generic via filter on the_content --><!-- AddThis Share Buttons generic via filter on the_content -->","protected":false},"excerpt":{"rendered":"<p>[vc_row type=&#8220;grid&#8220; video_bg=&#8220;&#8220; is_fss_bg=&#8220;no&#8220; css=&#8220;.vc_custom_1474302620138{padding-top: 50px !important;padding-bottom: 50px !important;}&#8220;][vc_column width=&#8220;2\/3&#8243; dp_animation=&#8220;&#8220; offset=&#8220;vc_col-lg-offset-2 vc_col-md-offset-2 vc_col-sm-offset-2&#8243; css=&#8220;.vc_custom_1467129760290{padding-right: 30px !important;padding-left: 30px !important;}&#8220;][vc_column_text dp_animation=&#8220;&#8220;] Wir im Law Concept haben eine den heutigen Anspr\u00fcchen gerecht werdende Anwaltskanzlei gegr\u00fcndet, die Erfahrung,&#8230;<\/p>\n<p><a class=\"readon\" href=\"https:\/\/lawconcept.eu\/de\/wir\/\"><span>read more<\/span><\/a><\/p>\n<p><!-- AddThis Advanced Settings generic via filter on get_the_excerpt --><!-- AddThis Share Buttons generic via filter on get_the_excerpt --><\/p>\n","protected":false},"author":3,"featured_media":0,"parent":0,"menu_order":0,"comment_status":"open","ping_status":"closed","template":"template.fullwidth.vc.php","meta":{"footnotes":""},"class_list":["post-7859","page","type-page","status-publish","hentry"],"yoast_head":"<!-- This site is optimized with the Yoast SEO plugin v27.4 - https:\/\/yoast.com\/product\/yoast-seo-wordpress\/ -->\n<title>Wir - Law Concept<\/title>\n<meta name=\"robots\" content=\"index, follow, max-snippet:-1, max-image-preview:large, max-video-preview:-1\" \/>\n<link rel=\"canonical\" href=\"https:\/\/lawconcept.eu\/de\/wir\/\" \/>\n<meta property=\"og:locale\" content=\"de_DE\" \/>\n<meta property=\"og:type\" content=\"article\" \/>\n<meta property=\"og:title\" content=\"Wir - Law Concept\" \/>\n<meta property=\"og:description\" content=\"[vc_row type=&#8220;grid&#8220; video_bg=&#8220;&#8220; is_fss_bg=&#8220;no&#8220; css=&#8220;.vc_custom_1474302620138{padding-top: 50px !important;padding-bottom: 50px !important;}&#8220;][vc_column width=&#8220;2\/3&#8243; dp_animation=&#8220;&#8220; offset=&#8220;vc_col-lg-offset-2 vc_col-md-offset-2 vc_col-sm-offset-2&#8243; css=&#8220;.vc_custom_1467129760290{padding-right: 30px !important;padding-left: 30px !important;}&#8220;][vc_column_text dp_animation=&#8220;&#8220;] Wir im Law Concept haben eine den heutigen Anspr\u00fcchen gerecht werdende Anwaltskanzlei gegr\u00fcndet, die Erfahrung,...read more\" \/>\n<meta property=\"og:url\" content=\"https:\/\/lawconcept.eu\/de\/wir\/\" \/>\n<meta property=\"og:site_name\" content=\"Law Concept\" \/>\n<meta property=\"article:modified_time\" content=\"2017-04-05T11:34:04+00:00\" \/>\n<meta name=\"twitter:card\" content=\"summary_large_image\" \/>\n<meta name=\"twitter:label1\" content=\"Gesch\u00e4tzte Lesezeit\" \/>\n\t<meta name=\"twitter:data1\" content=\"1\u00a0Minute\" \/>\n<script type=\"application\/ld+json\" class=\"yoast-schema-graph\">{\"@context\":\"https:\\\/\\\/schema.org\",\"@graph\":[{\"@type\":\"WebPage\",\"@id\":\"https:\\\/\\\/lawconcept.eu\\\/de\\\/wir\\\/\",\"url\":\"https:\\\/\\\/lawconcept.eu\\\/de\\\/wir\\\/\",\"name\":\"Wir - Law Concept\",\"isPartOf\":{\"@id\":\"https:\\\/\\\/lawconcept.eu\\\/#website\"},\"datePublished\":\"2017-04-04T19:05:36+00:00\",\"dateModified\":\"2017-04-05T11:34:04+00:00\",\"breadcrumb\":{\"@id\":\"https:\\\/\\\/lawconcept.eu\\\/de\\\/wir\\\/#breadcrumb\"},\"inLanguage\":\"de\",\"potentialAction\":[{\"@type\":\"ReadAction\",\"target\":[\"https:\\\/\\\/lawconcept.eu\\\/de\\\/wir\\\/\"]}]},{\"@type\":\"BreadcrumbList\",\"@id\":\"https:\\\/\\\/lawconcept.eu\\\/de\\\/wir\\\/#breadcrumb\",\"itemListElement\":[{\"@type\":\"ListItem\",\"position\":1,\"name\":\"Home\",\"item\":\"https:\\\/\\\/lawconcept.eu\\\/de\\\/\"},{\"@type\":\"ListItem\",\"position\":2,\"name\":\"Wir\"}]},{\"@type\":\"WebSite\",\"@id\":\"https:\\\/\\\/lawconcept.eu\\\/#website\",\"url\":\"https:\\\/\\\/lawconcept.eu\\\/\",\"name\":\"Law Concept\",\"description\":\"\",\"potentialAction\":[{\"@type\":\"SearchAction\",\"target\":{\"@type\":\"EntryPoint\",\"urlTemplate\":\"https:\\\/\\\/lawconcept.eu\\\/?s={search_term_string}\"},\"query-input\":{\"@type\":\"PropertyValueSpecification\",\"valueRequired\":true,\"valueName\":\"search_term_string\"}}],\"inLanguage\":\"de\"}]}<\/script>\n<!-- \/ Yoast SEO plugin. -->","yoast_head_json":{"title":"Wir - Law Concept","robots":{"index":"index","follow":"follow","max-snippet":"max-snippet:-1","max-image-preview":"max-image-preview:large","max-video-preview":"max-video-preview:-1"},"canonical":"https:\/\/lawconcept.eu\/de\/wir\/","og_locale":"de_DE","og_type":"article","og_title":"Wir - Law Concept","og_description":"[vc_row type=&#8220;grid&#8220; video_bg=&#8220;&#8220; is_fss_bg=&#8220;no&#8220; css=&#8220;.vc_custom_1474302620138{padding-top: 50px !important;padding-bottom: 50px !important;}&#8220;][vc_column width=&#8220;2\/3&#8243; dp_animation=&#8220;&#8220; offset=&#8220;vc_col-lg-offset-2 vc_col-md-offset-2 vc_col-sm-offset-2&#8243; css=&#8220;.vc_custom_1467129760290{padding-right: 30px !important;padding-left: 30px !important;}&#8220;][vc_column_text dp_animation=&#8220;&#8220;] Wir im Law Concept haben eine den heutigen Anspr\u00fcchen gerecht werdende Anwaltskanzlei gegr\u00fcndet, die Erfahrung,...read more","og_url":"https:\/\/lawconcept.eu\/de\/wir\/","og_site_name":"Law Concept","article_modified_time":"2017-04-05T11:34:04+00:00","twitter_card":"summary_large_image","twitter_misc":{"Gesch\u00e4tzte Lesezeit":"1\u00a0Minute"},"schema":{"@context":"https:\/\/schema.org","@graph":[{"@type":"WebPage","@id":"https:\/\/lawconcept.eu\/de\/wir\/","url":"https:\/\/lawconcept.eu\/de\/wir\/","name":"Wir - Law Concept","isPartOf":{"@id":"https:\/\/lawconcept.eu\/#website"},"datePublished":"2017-04-04T19:05:36+00:00","dateModified":"2017-04-05T11:34:04+00:00","breadcrumb":{"@id":"https:\/\/lawconcept.eu\/de\/wir\/#breadcrumb"},"inLanguage":"de","potentialAction":[{"@type":"ReadAction","target":["https:\/\/lawconcept.eu\/de\/wir\/"]}]},{"@type":"BreadcrumbList","@id":"https:\/\/lawconcept.eu\/de\/wir\/#breadcrumb","itemListElement":[{"@type":"ListItem","position":1,"name":"Home","item":"https:\/\/lawconcept.eu\/de\/"},{"@type":"ListItem","position":2,"name":"Wir"}]},{"@type":"WebSite","@id":"https:\/\/lawconcept.eu\/#website","url":"https:\/\/lawconcept.eu\/","name":"Law Concept","description":"","potentialAction":[{"@type":"SearchAction","target":{"@type":"EntryPoint","urlTemplate":"https:\/\/lawconcept.eu\/?s={search_term_string}"},"query-input":{"@type":"PropertyValueSpecification","valueRequired":true,"valueName":"search_term_string"}}],"inLanguage":"de"}]}},"_links":{"self":[{"href":"https:\/\/lawconcept.eu\/de\/wp-json\/wp\/v2\/pages\/7859","targetHints":{"allow":["GET"]}}],"collection":[{"href":"https:\/\/lawconcept.eu\/de\/wp-json\/wp\/v2\/pages"}],"about":[{"href":"https:\/\/lawconcept.eu\/de\/wp-json\/wp\/v2\/types\/page"}],"author":[{"embeddable":true,"href":"https:\/\/lawconcept.eu\/de\/wp-json\/wp\/v2\/users\/3"}],"replies":[{"embeddable":true,"href":"https:\/\/lawconcept.eu\/de\/wp-json\/wp\/v2\/comments?post=7859"}],"version-history":[{"count":2,"href":"https:\/\/lawconcept.eu\/de\/wp-json\/wp\/v2\/pages\/7859\/revisions"}],"predecessor-version":[{"id":7861,"href":"https:\/\/lawconcept.eu\/de\/wp-json\/wp\/v2\/pages\/7859\/revisions\/7861"}],"wp:attachment":[{"href":"https:\/\/lawconcept.eu\/de\/wp-json\/wp\/v2\/media?parent=7859"}],"curies":[{"name":"wp","href":"https:\/\/api.w.org\/{rel}","templated":true}]}}