{"id":7849,"date":"2017-04-04T21:28:12","date_gmt":"2017-04-04T18:28:12","guid":{"rendered":"https:\/\/lawconcept.eu\/?page_id=7849\/"},"modified":"2017-09-18T16:16:27","modified_gmt":"2017-09-18T13:16:27","slug":"rechtsgebiete","status":"publish","type":"page","link":"https:\/\/lawconcept.eu\/de\/rechtsgebiete\/","title":{"rendered":"Rechtsgebiete"},"content":{"rendered":"<div class=\"wpb-content-wrapper\"><p>[vc_row type=&#8220;grid&#8220; video_bg=&#8220;&#8220; is_fss_bg=&#8220;no&#8220; css=&#8220;.vc_custom_1474302676345{padding-top: 50px !important;padding-bottom: 40px !important;}&#8220;][vc_column width=&#8220;2\/3&#8243; dp_animation=&#8220;&#8220; offset=&#8220;vc_col-lg-offset-2 vc_col-md-offset-2 vc_col-sm-offset-2&#8243;][vc_column_text dp_animation=&#8220;&#8220; css=&#8220;.vc_custom_1491858042556{margin-bottom: 40px !important;}&#8220;]<span style=\"color: #0090d3;\"><strong>Law Concept<\/strong><\/span> enn unsere Philosophie ist es, den Bed\u00fcrfnissen, in allen Rechtsbereichen, gerichtlich und au\u00dfergerichtlich, eines jeden Einzelnen unserer Mandanten gerecht zu werden. Jeder Mandant und jeder Fall ist individuell und so werden sie auch gehandhabt<span style=\"color: #0090d3;\"><strong>.<\/strong><\/span> Unser Hauptanliegen ist es, umfassende Rechtsdienstleistungen zu bieten, so dass wir in h\u00f6chstm\u00f6glichem Grade effektiv sind<strong><span style=\"color: #0090d3;\">.<\/span><\/strong>[\/vc_column_text][vc_column_text dp_animation=&#8220;&#8220;]<\/p>\n<p style=\"text-align: center;\"><strong><span style=\"color: #0090d3;\">Klicken Sie auf das Rechtsgebiet \u00fcber das Sie Sich informieren m\u00f6chten:<\/span><\/strong><\/p>\n<p>[\/vc_column_text][\/vc_column][\/vc_row][vc_row type=&#8220;grid&#8220; video_bg=&#8220;&#8220; is_fss_bg=&#8220;no&#8220; css=&#8220;.vc_custom_1474302686405{padding-bottom: 50px !important;}&#8220;][vc_column dp_animation=&#8220;&#8220;][vc_tabs interval=&#8220;0&#8243; diamond_style=&#8220;true&#8220; diamond_navigation_position=&#8220;top&#8220;][vc_tab tab_id=&#8220;5623fafa-8fb4-1&#8243; icon=&#8220;Default-compress&#8220; title=&#8220; &#8222;][vc_column_text dp_animation=&#8220;&#8220;]<\/p>\n<h2>MEDIATION \/ VERHANDLUNGEN<\/h2>\n<p>Die Mediation ist ein schnelles, kosteng\u00fcnstiges, vertraulich ausgef\u00fchrtes und flexibles Verfahren, das den jeweiligen Parteien mehrere M\u00f6glichkeiten zur Beilegung von Streitigkeiten er\u00f6ffnet und ihnen die Chance bietet, die Zusammenarbeit auf einer konstruktiven und gegenseitig nutzbringenden Ebene fortzuf\u00fchren.<\/p>\n<p>Die Kunst des Verhandelns stellt einen zentralen Punkt beim Mediationsverfahren, aber auch bei jeglicher Art von Kommunikation und au\u00dfergerichtlichen Einigungsversuchen zwischen zwei Parteien, dar.<\/p>\n<p>Das kompetente und zertifizierte Personal unserer Kanzlei kann Ihnen bei folgenden Dienstleistungen beistehen:<\/p>\n<p>a) <span style=\"color: #0090d3;\"><strong>Mediation<\/strong><\/span>: helfender Eingriff falls Sie eine f\u00fcr beide Parteien akzeptable L\u00f6sung w\u00fcnschen.<\/p>\n<p>b) <span style=\"color: #0090d3;\"><strong>Juristischer Beistand<\/strong><\/span>: im Falle, dass ein Mediationsverfahren eingeleitet worden ist und Sie jemanden suchen, der Sie vertritt.<\/p>\n<p>c) <span style=\"color: #0090d3;\"><strong>Verhandlungen<\/strong><\/span>: \u00fcber eine zu Ihren Gunsten auslaufende au\u00dfergerichtliche Vereinbarung.[\/vc_column_text][\/vc_tab][vc_tab tab_id=&#8220;228add87-8cc2-0&#8243; icon_id=&#8220;1234&#8243; icon=&#8220;Default-rocket&#8220; title=&#8220; &#8222;][vc_column_text dp_animation=&#8220;&#8220;]<br \/>\n<script> document.getElementById(\"1234\").addEventListener(\"mouseover\",mouseOver);\nfunction mouseOver() { document.getElementById(\"228add87-8cc2-0\").style.display=\"block\"; } <\/script><\/p>\n<h2>Neue Unternehmensformen<\/h2>\n<ul>\n<li>Startup-Unternehmen<\/li>\n<li>Soziale Gemeinschaftsunternehmen<\/li>\n<li>Richtungsweisende Beratung und Teilnahme am Ausgestaltungs- und Parameterregelungsprozess der neuen Unternehmens- und Gesch\u00e4ftsmodelle<\/li>\n<li>Auffindung von Business Angel\u2019s<\/li>\n<li>Juristische Unterst\u00fctzung und Beratung in Bezug auf den Rechtsrahmen, den Gr\u00fcndungsprozess, die F\u00fchrung, die Unternehmensverantwortung, die weiteren Investitionen<\/li>\n<\/ul>\n<p>[\/vc_column_text][\/vc_tab][vc_tab title=&#8220; &#8220; tab_id=&#8220;1472658822141-2-1&#8243; icon=&#8220;Default-earth&#8220;][vc_column_text dp_animation=&#8220;&#8220;]<\/p>\n<h2>DIASPORA \/ AUSL\u00c4NDISCHE STAATSB\u00dcRGER<\/h2>\n<p>Wir f\u00fcr Sie\u2026<\/p>\n<ul>\n<li>Steuervertretung<\/li>\n<li>Ausfertigung von Steuererkl\u00e4rungen, Steuerplanung<\/li>\n<li>Immobilienverwaltung<\/li>\n<li>Ehescheidungen, Begr\u00fcndung einer Eingetragenen Lebenspartnerschaft, Internationale Adoptionen<\/li>\n<li>Renten und Pensionen in Griechenland oder in anderen Staaten<\/li>\n<li>Vollstreckung ausl\u00e4ndischer Urteile in Griechenland<\/li>\n<li>Investitionen in Reisezielorten und auf griechischen Inseln<\/li>\n<li>Ausstellung notarieller Vollmachten, Apostille, Legalisation von Urkunden<\/li>\n<li>Vertretung vor \u00f6ffentlichen Beh\u00f6rden wie dem Bauamt und dem Nationalen Grundbuch (Ktimatologio)<\/li>\n<li>Vertretung vor Gemeinn\u00fctzigen Einrichtungen (\u00f6ffentliches Elektrizit\u00e4tswerk, \u00f6ffentliches Wasserwerk, Telefongesellschaft)<\/li>\n<\/ul>\n<p>[\/vc_column_text][\/vc_tab][vc_tab title=&#8220; &#8220; tab_id=&#8220;1472658824591-3-2&#8243; icon=&#8220;Default-home&#8220;][vc_column_text dp_animation=&#8220;&#8220;]<\/p>\n<h2>ZIVILRECHT<\/h2>\n<h2><\/h2>\n<h3>GRUNDST\u00dcCKS- UND IMMOBILIENRECHT<\/h3>\n<ul>\n<li>\n<h3>rechtliche Hilfe bei Verhandlungen mit K\u00e4ufern oder Verk\u00e4ufern<\/h3>\n<\/li>\n<li>\n<h3>\u00dcberpr\u00fcfung der Eigentumsverh\u00e4ltnisse<\/h3>\n<\/li>\n<li>\n<h3>Eintragung und L\u00f6schung von Hypotheken und anderen Belastungen<\/h3>\n<\/li>\n<li>\n<h3>Gerichtliche Inanspruchnahme von Rechten an unbeweglichen Sachen<\/h3>\n<\/li>\n<li>\n<h3>Beratung in rechtlichen und steuerrechtlichen Angelegenheiten<\/h3>\n<\/li>\n<\/ul>\n<h3>FAMILIENRECHT<\/h3>\n<ul>\n<li>Ehescheidung<\/li>\n<li>Begr\u00fcndung einer Eingetragenen Lebenspartnerschaft<\/li>\n<li>Vaterschaftsanerkennung oder Vaterschaftsanfechtungsklage<\/li>\n<li>rechtliche Betreuung<\/li>\n<\/ul>\n<h3>ERBRECHT<\/h3>\n<ul>\n<li>Annahme\/Ausschlagung einer Erbschaft<\/li>\n<li>Testamentser\u00f6ffnung\/Testamentsanfechtung<\/li>\n<li>Ausstellung von Erbscheinen<\/li>\n<li>Nachlassverteilung<\/li>\n<\/ul>\n<p>[\/vc_column_text][\/vc_tab][vc_tab title=&#8220; &#8220; tab_id=&#8220;1472658825430-4-8&#8243; icon=&#8220;Default-cart2&#8243;][vc_column_text dp_animation=&#8220;&#8220;]<\/p>\n<h2>VERBRAUCHERSCHUTZ<\/h2>\n<p>Rechtsberatung und Prozessvertretung in folgenden Angelegenheiten:<\/p>\n<ul>\n<li>Bankprodukte und Bankdienstleistungen<\/li>\n<li>Versicherungen<\/li>\n<li>Telekommunikationen<\/li>\n<li>fehlerhafte Produkte<\/li>\n<li>unfaire Vertragsbestimmungen<\/li>\n<li>Schaden durch unlautere Gesch\u00e4ftspraktiken<\/li>\n<li>im breiten Spektrum des Verbraucherschutzrechts, in Fragen der aggressiven und irref\u00fchrenden Werbung, der allgemeinen Gesch\u00e4ftsbedingungen, der Fernabsatzvertr\u00e4ge, des Verkaufs von Verbrauchsg\u00fctern und der Gew\u00e4hrung von Garantien, der Herstellerverantwortung u.a.<\/li>\n<\/ul>\n<p>[\/vc_column_text][\/vc_tab][vc_tab title=&#8220; &#8220; tab_id=&#8220;1472658826170-5-0&#8243; icon=&#8220;Default-shop&#8220;][vc_column_text dp_animation=&#8220;&#8220;]<\/p>\n<h2>Handelsrecht<\/h2>\n<h3>UNTERNEHMEN UND FIRMEN<\/h3>\n<ul>\n<li>Richtungsweisende vorbeugende Beratung<\/li>\n<li>Gesch\u00e4fts- und Steuerplanung<\/li>\n<li>Gr\u00fcndung, F\u00fchrung, Aufl\u00f6sung und Umwandlung von Unternehmen aller Rechtsformen<\/li>\n<li>Rechnungslegung und Pr\u00fcfung von Unternehmen<\/li>\n<li>Richtungsweisende Beratung und Rechtsvertretung bei Liquidations- Insolvenz- und Sanierungsverfahren<\/li>\n<li>Beratung und grundlegende Umwandlung \u201eproblematischer\u201c Unternehmen (Planerstellung zur \u201eWiederbelebung\u201c des Unternehmens<\/li>\n<\/ul>\n<h3>VERTRAGSRECHT<\/h3>\n<ul>\n<li>Abfassung von Vertr\u00e4gen\/privaten Abkommen aller Art (z.B. Mietvertr\u00e4gen)<\/li>\n<li>Vertretung vor Gericht bei Schadensersatzforderungen<\/li>\n<\/ul>\n<h3>GEISTIGES EIGENTUM\u00a0WARENZEICHEN, WORTMARKE, GEWERBLICHE MUSTER UND MODELLE, PATENTE<\/h3>\n<ul>\n<li>Schutz gegen Urheberrechtsverletzung<\/li>\n<li>Information und Hilfeleistung bei der Absicherung von Urheberrechten und verwandten Schutzrechten<\/li>\n<\/ul>\n<h3>Rechtsvorschriften f\u00fcr die Industrie f<\/h3>\n<ul>\n<li>Klagen wegen Verletzung gewerblicher Schutzrechte\/Warenzeichen<\/li>\n<li>Schutz gewerblicher Muster und Modelle<\/li>\n<li>Absicherung und \u00dcbertragung von Warenzeichen<\/li>\n<li>Patentierungen<\/li>\n<\/ul>\n<p>[\/vc_column_text][\/vc_tab][vc_tab title=&#8220; &#8220; tab_id=&#8220;1472658827000-6-2&#8243; icon=&#8220;Default-star2&#8243;][vc_column_text dp_animation=&#8220;&#8220; el_class=&#8220;services-fashion&#8220;]<\/p>\n<h2>Moderecht, Kunstrecht &amp; Musikrecht<\/h2>\n<h3>Moderecht<\/h3>\n<p>er Begriff \u201eModerecht\u201c bezieht sich auf das Rechtsgebiet, dass sich mit den Fragen befasst, die sich w\u00e4hrend der \u201eLebenszeit\u201c eines Kleidungsst\u00fcckes oder eines Mode-Accessoires ergeben. Das \u201eModerecht\u201c kl\u00e4rt haupts\u00e4chlich folgende Fragen:<\/p>\n<ul>\n<li>geistiges Eigentum<\/li>\n<li>Unternehmertum und Finanzwirtschaft, mit Unterkategorien, die sich vom Arbeitsrecht bis hin zu Immobilien erstrecken<\/li>\n<li>Internationaler Handel und staatliche Regulierung, der Sicherheits- und Nachhaltigkeitsfragen inbegriffen<\/li>\n<li>Kleiderordnung und religi\u00f6se Trachten<\/li>\n<li>Konsumkultur<\/li>\n<li>personenbezogene Daten und tragbare Technologien<\/li>\n<li>Rechte des Einzelnen<\/li>\n<li>Textilproduktion<\/li>\n<li>Arbeit als Model (Rechtsrahmen betreffs den Schutz minderj\u00e4hriger Modelle, das Honorar der Modelle und den Menschenhandel zur sexuellen Ausbeutung im Rahmen der Modebranche<\/li>\n<li>Massenmedien<\/li>\n<li>Parf\u00fcm- und Kosmetikindustrie<\/li>\n<\/ul>\n<hr \/>\n<h3>Kunstrecht<\/h3>\n<p>Wie sein Name schon aussagt, verbindet das \u201eKunstrecht\u201c zwei verschiedene Gebiete, das der Kunst und das des Rechts. Die vom Kunstrecht zu kl\u00e4renden Fragen umfassen ein breites Themenspektrum, wie:<\/p>\n<ul>\n<li>Kauf und Verkauf von Kunstwerken (H\u00e4ndler, Sammler, Auktionen)<\/li>\n<li>Kunstwerke betreffende Streitbeilegung<\/li>\n<li>K\u00fcnstler- und Kulturmanagement<\/li>\n<li>K\u00fcnstlerrechte<\/li>\n<li>Geistiges Eigentum und Wettbewerbsrecht<\/li>\n<\/ul>\n<hr \/>\n<h3>Musikrecht<\/h3>\n<p>Das \u201eMusikrecht\u201c befasst sich mit den rechtlichen Parametern der Musikindustrie, die Tontr\u00e4gerunternehmen, Musikverlage, H\u00e4ndler, Konzertveranstaltungen und nat\u00fcrlich die K\u00fcnstler und die Urheber umfasst. Die Rechtsfragen, die unter dem \u201eMusikrecht\u201c behandelt werden sind folgende:<\/p>\n<ul>\n<li>geistiges Eigentum<\/li>\n<li>Urheberrecht und Warenzeichen<\/li>\n<li>Rechte an Gebrauchs- oder Geschmacksmustern<\/li>\n<li>Ver\u00f6ffentlichungsrechte an Bildern<\/li>\n<li>Wettbewerbsrecht<\/li>\n<li>Vertragsrecht<\/li>\n<\/ul>\n<p>Was spezifisch die Konzertveranstaltungen betrifft, treten folgende Fragen auf:<\/p>\n<ul>\n<li>Ausl\u00e4nderrecht<\/li>\n<li>Mindestvorschriften zum Schutz von Sicherheit und Gesundheit<\/li>\n<li>Genehmigungen<\/li>\n<\/ul>\n<p>[\/vc_column_text][\/vc_tab][vc_tab title=&#8220; &#8220; tab_id=&#8220;1472658827710-7-8&#8243; icon=&#8220;Default-laptop&#8220;][vc_column_text dp_animation=&#8220;&#8220;]<\/p>\n<h2>INTERNETRECHT<\/h2>\n<p>Rechtsberatung und Prozessvertretung in folgenden Angelegenheiten:<\/p>\n<ul>\n<li>Vertr\u00e4ge \u00fcber die Erstellung von Internetseiten und die Schaffung eines Rechtsrahmens f\u00fcr ihre Betreibung (Nutzungsbedingungen)<\/li>\n<li>Verleumdung im Internet<\/li>\n<li>unlautere Werbepraktiken<\/li>\n<li>Urheberrechtsverletzung<\/li>\n<li>Hacker-Attacken<\/li>\n<li>Klagen wegen unerw\u00fcnschter E-Mail-Werbung (spam) &amp;amp Sicherstellung der Einhaltung der entsprechenden Gesetze<\/li>\n<li>Fragen der Privatsph\u00e4re \u2013 Schutz personenbezogener Daten<\/li>\n<li>Internetbetrug<\/li>\n<li>Dom\u00e4nenbesetzung (cybersquatting)<\/li>\n<li>Gr\u00fcndung einer Internetfirma (Business to Business, Business to Consumer, Online-Zahlungen, Vertragsabschl\u00fcsse u.a.)<\/li>\n<li>Absicherung von Domainnamen und Markenzeichen im Internetbereich, Website-Nutzungsvertr\u00e4ge, Online-Verleumdungen<\/li>\n<li>missbr\u00e4uchliche Werbung<\/li>\n<li>Versto\u00df gegen Urheber- und Markenschutzrecht<\/li>\n<li>Klagen und Sicherstellung der Einhaltung der Anti-Spam-Gesetze<\/li>\n<li>Fragen des Datenschutzes<\/li>\n<li>Rechtsberatung bei der Gr\u00fcndung einer Internetfirma<\/li>\n<\/ul>\n<p>[\/vc_column_text][\/vc_tab][vc_tab title=&#8220; &#8220; tab_id=&#8220;1472658828460-8-2&#8243; icon=&#8220;Default-institution&#8220;][vc_column_text dp_animation=&#8220;&#8220;]<\/p>\n<h2>STEUERRECHT\/ STRAFRECHT<\/h2>\n<h3>STEUERRECHT<\/h3>\n<ul>\n<li>Anfechtung von Beschl\u00fcssen und Handlungen der f\u00fcr die Auferlegung von Einkommenssteuer, Geldbu\u00dfen u.s.w zust\u00e4ndigen Verwaltungsbeh\u00f6rden<\/li>\n<li>Planerstellung zur optimalen Immobiliennutzung<\/li>\n<li>Juristische Unterst\u00fctzung und sachgerechte Beratung in allen Fragen des Steuerrechts<\/li>\n<\/ul>\n<h3>STRAFRECHT<\/h3>\n<ul>\n<li>Straftaten betreffende gerichtliche und au\u00dfergerichtliche Vertretung unserer Mandanten<\/li>\n<\/ul>\n<p>[\/vc_column_text][\/vc_tab][vc_tab title=&#8220; &#8220; tab_id=&#8220;1472658829280-9-0&#8243; icon=&#8220;Default-pig&#8220;][vc_column_text dp_animation=&#8220;&#8220;]<\/p>\n<h2>INSOLVENZRECHT<\/h2>\n<ul>\n<li>au\u00dfergerichtliche Schuldenregelung \/ Banken-Verhaltenskodex<\/li>\n<li>Verhandlungen mit den Kreditinstituten gem\u00e4\u00df dem Gesetz Nr. 3869\/2010 \u00fcber die \u00dcberschuldung nat\u00fcrlicher Personen<\/li>\n<\/ul>\n<p>[\/vc_column_text][\/vc_tab][vc_tab title=&#8220; &#8220; tab_id=&#8220;1472658830042-10-3&#8243; icon=&#8220;Default-user5&#8243;][vc_column_text dp_animation=&#8220;&#8220;]<\/p>\n<h2>ARBEITSRECHTLICHE STREITIGKEITEN<\/h2>\n<ul>\n<li>Beratung \u00fcber die Erstellung von Arbeitsvert\u00e4gen<\/li>\n<li>Abfindung bei K\u00fcndigung<\/li>\n<li>K\u00fcndigung des Arbeitsverh\u00e4ltnisses durch den Arbeitnehmer oder den Arbeitgeber<\/li>\n<li>Juristische Beratung und Hilfe bei Streitigkeiten in Fragen der Sozialversicherung<\/li>\n<li>Zusammenstellung und Einreichung der erforderlichen Unterlagen f\u00fcr die Gew\u00e4hrung einer Rente<\/li>\n<\/ul>\n<p>[\/vc_column_text][\/vc_tab][\/vc_tabs][\/vc_column][\/vc_row]<\/p>\n<\/div><!-- AddThis Advanced Settings generic via filter on the_content --><!-- AddThis Share Buttons generic via filter on the_content -->","protected":false},"excerpt":{"rendered":"<p>[vc_row type=&#8220;grid&#8220; video_bg=&#8220;&#8220; is_fss_bg=&#8220;no&#8220; css=&#8220;.vc_custom_1474302676345{padding-top: 50px !important;padding-bottom: 40px !important;}&#8220;][vc_column width=&#8220;2\/3&#8243; dp_animation=&#8220;&#8220; offset=&#8220;vc_col-lg-offset-2 vc_col-md-offset-2 vc_col-sm-offset-2&#8243;][vc_column_text dp_animation=&#8220;&#8220; css=&#8220;.vc_custom_1491858042556{margin-bottom: 40px !important;}&#8220;]Law Concept enn unsere Philosophie ist es, den Bed\u00fcrfnissen, in allen Rechtsbereichen, gerichtlich und au\u00dfergerichtlich, eines jeden Einzelnen&#8230;<\/p>\n<p><a class=\"readon\" href=\"https:\/\/lawconcept.eu\/de\/rechtsgebiete\/\"><span>read more<\/span><\/a><\/p>\n<p><!-- AddThis Advanced Settings generic via filter on get_the_excerpt --><!-- AddThis Share Buttons generic via filter on get_the_excerpt --><\/p>\n","protected":false},"author":3,"featured_media":0,"parent":0,"menu_order":0,"comment_status":"open","ping_status":"closed","template":"template.fullwidth.vc.php","meta":{"footnotes":""},"class_list":["post-7849","page","type-page","status-publish","hentry"],"yoast_head":"<!-- This site is optimized with the Yoast SEO plugin v27.4 - https:\/\/yoast.com\/product\/yoast-seo-wordpress\/ -->\n<title>Rechtsgebiete - Law Concept<\/title>\n<meta name=\"robots\" content=\"index, follow, max-snippet:-1, max-image-preview:large, max-video-preview:-1\" \/>\n<link rel=\"canonical\" href=\"https:\/\/lawconcept.eu\/de\/rechtsgebiete\/\" \/>\n<meta property=\"og:locale\" content=\"de_DE\" \/>\n<meta property=\"og:type\" content=\"article\" \/>\n<meta property=\"og:title\" content=\"Rechtsgebiete - Law Concept\" \/>\n<meta property=\"og:description\" content=\"[vc_row type=&#8220;grid&#8220; video_bg=&#8220;&#8220; is_fss_bg=&#8220;no&#8220; css=&#8220;.vc_custom_1474302676345{padding-top: 50px !important;padding-bottom: 40px !important;}&#8220;][vc_column width=&#8220;2\/3&#8243; dp_animation=&#8220;&#8220; offset=&#8220;vc_col-lg-offset-2 vc_col-md-offset-2 vc_col-sm-offset-2&#8243;][vc_column_text dp_animation=&#8220;&#8220; css=&#8220;.vc_custom_1491858042556{margin-bottom: 40px !important;}&#8220;]Law Concept enn unsere Philosophie ist es, den Bed\u00fcrfnissen, in allen Rechtsbereichen, gerichtlich und au\u00dfergerichtlich, eines jeden Einzelnen...read more\" \/>\n<meta property=\"og:url\" content=\"https:\/\/lawconcept.eu\/de\/rechtsgebiete\/\" \/>\n<meta property=\"og:site_name\" content=\"Law Concept\" \/>\n<meta property=\"article:modified_time\" content=\"2017-09-18T13:16:27+00:00\" \/>\n<meta name=\"twitter:card\" content=\"summary_large_image\" \/>\n<meta name=\"twitter:label1\" content=\"Gesch\u00e4tzte Lesezeit\" \/>\n\t<meta name=\"twitter:data1\" content=\"7\u00a0Minuten\" \/>\n<script type=\"application\/ld+json\" class=\"yoast-schema-graph\">{\"@context\":\"https:\\\/\\\/schema.org\",\"@graph\":[{\"@type\":\"WebPage\",\"@id\":\"https:\\\/\\\/lawconcept.eu\\\/de\\\/rechtsgebiete\\\/\",\"url\":\"https:\\\/\\\/lawconcept.eu\\\/de\\\/rechtsgebiete\\\/\",\"name\":\"Rechtsgebiete - Law Concept\",\"isPartOf\":{\"@id\":\"https:\\\/\\\/lawconcept.eu\\\/#website\"},\"datePublished\":\"2017-04-04T18:28:12+00:00\",\"dateModified\":\"2017-09-18T13:16:27+00:00\",\"breadcrumb\":{\"@id\":\"https:\\\/\\\/lawconcept.eu\\\/de\\\/rechtsgebiete\\\/#breadcrumb\"},\"inLanguage\":\"de\",\"potentialAction\":[{\"@type\":\"ReadAction\",\"target\":[\"https:\\\/\\\/lawconcept.eu\\\/de\\\/rechtsgebiete\\\/\"]}]},{\"@type\":\"BreadcrumbList\",\"@id\":\"https:\\\/\\\/lawconcept.eu\\\/de\\\/rechtsgebiete\\\/#breadcrumb\",\"itemListElement\":[{\"@type\":\"ListItem\",\"position\":1,\"name\":\"Home\",\"item\":\"https:\\\/\\\/lawconcept.eu\\\/de\\\/\"},{\"@type\":\"ListItem\",\"position\":2,\"name\":\"Rechtsgebiete\"}]},{\"@type\":\"WebSite\",\"@id\":\"https:\\\/\\\/lawconcept.eu\\\/#website\",\"url\":\"https:\\\/\\\/lawconcept.eu\\\/\",\"name\":\"Law Concept\",\"description\":\"\",\"potentialAction\":[{\"@type\":\"SearchAction\",\"target\":{\"@type\":\"EntryPoint\",\"urlTemplate\":\"https:\\\/\\\/lawconcept.eu\\\/?s={search_term_string}\"},\"query-input\":{\"@type\":\"PropertyValueSpecification\",\"valueRequired\":true,\"valueName\":\"search_term_string\"}}],\"inLanguage\":\"de\"}]}<\/script>\n<!-- \/ Yoast SEO plugin. -->","yoast_head_json":{"title":"Rechtsgebiete - Law Concept","robots":{"index":"index","follow":"follow","max-snippet":"max-snippet:-1","max-image-preview":"max-image-preview:large","max-video-preview":"max-video-preview:-1"},"canonical":"https:\/\/lawconcept.eu\/de\/rechtsgebiete\/","og_locale":"de_DE","og_type":"article","og_title":"Rechtsgebiete - Law Concept","og_description":"[vc_row type=&#8220;grid&#8220; video_bg=&#8220;&#8220; is_fss_bg=&#8220;no&#8220; css=&#8220;.vc_custom_1474302676345{padding-top: 50px !important;padding-bottom: 40px !important;}&#8220;][vc_column width=&#8220;2\/3&#8243; dp_animation=&#8220;&#8220; offset=&#8220;vc_col-lg-offset-2 vc_col-md-offset-2 vc_col-sm-offset-2&#8243;][vc_column_text dp_animation=&#8220;&#8220; css=&#8220;.vc_custom_1491858042556{margin-bottom: 40px !important;}&#8220;]Law Concept enn unsere Philosophie ist es, den Bed\u00fcrfnissen, in allen Rechtsbereichen, gerichtlich und au\u00dfergerichtlich, eines jeden Einzelnen...read more","og_url":"https:\/\/lawconcept.eu\/de\/rechtsgebiete\/","og_site_name":"Law Concept","article_modified_time":"2017-09-18T13:16:27+00:00","twitter_card":"summary_large_image","twitter_misc":{"Gesch\u00e4tzte Lesezeit":"7\u00a0Minuten"},"schema":{"@context":"https:\/\/schema.org","@graph":[{"@type":"WebPage","@id":"https:\/\/lawconcept.eu\/de\/rechtsgebiete\/","url":"https:\/\/lawconcept.eu\/de\/rechtsgebiete\/","name":"Rechtsgebiete - Law Concept","isPartOf":{"@id":"https:\/\/lawconcept.eu\/#website"},"datePublished":"2017-04-04T18:28:12+00:00","dateModified":"2017-09-18T13:16:27+00:00","breadcrumb":{"@id":"https:\/\/lawconcept.eu\/de\/rechtsgebiete\/#breadcrumb"},"inLanguage":"de","potentialAction":[{"@type":"ReadAction","target":["https:\/\/lawconcept.eu\/de\/rechtsgebiete\/"]}]},{"@type":"BreadcrumbList","@id":"https:\/\/lawconcept.eu\/de\/rechtsgebiete\/#breadcrumb","itemListElement":[{"@type":"ListItem","position":1,"name":"Home","item":"https:\/\/lawconcept.eu\/de\/"},{"@type":"ListItem","position":2,"name":"Rechtsgebiete"}]},{"@type":"WebSite","@id":"https:\/\/lawconcept.eu\/#website","url":"https:\/\/lawconcept.eu\/","name":"Law Concept","description":"","potentialAction":[{"@type":"SearchAction","target":{"@type":"EntryPoint","urlTemplate":"https:\/\/lawconcept.eu\/?s={search_term_string}"},"query-input":{"@type":"PropertyValueSpecification","valueRequired":true,"valueName":"search_term_string"}}],"inLanguage":"de"}]}},"_links":{"self":[{"href":"https:\/\/lawconcept.eu\/de\/wp-json\/wp\/v2\/pages\/7849","targetHints":{"allow":["GET"]}}],"collection":[{"href":"https:\/\/lawconcept.eu\/de\/wp-json\/wp\/v2\/pages"}],"about":[{"href":"https:\/\/lawconcept.eu\/de\/wp-json\/wp\/v2\/types\/page"}],"author":[{"embeddable":true,"href":"https:\/\/lawconcept.eu\/de\/wp-json\/wp\/v2\/users\/3"}],"replies":[{"embeddable":true,"href":"https:\/\/lawconcept.eu\/de\/wp-json\/wp\/v2\/comments?post=7849"}],"version-history":[{"count":5,"href":"https:\/\/lawconcept.eu\/de\/wp-json\/wp\/v2\/pages\/7849\/revisions"}],"predecessor-version":[{"id":8192,"href":"https:\/\/lawconcept.eu\/de\/wp-json\/wp\/v2\/pages\/7849\/revisions\/8192"}],"wp:attachment":[{"href":"https:\/\/lawconcept.eu\/de\/wp-json\/wp\/v2\/media?parent=7849"}],"curies":[{"name":"wp","href":"https:\/\/api.w.org\/{rel}","templated":true}]}}